{"id":11756,"date":"2019-01-12T09:01:04","date_gmt":"2019-01-12T09:01:04","guid":{"rendered":"https:\/\/test.picturemylife.nl\/?page_id=11756"},"modified":"2026-03-10T09:24:44","modified_gmt":"2026-03-10T09:24:44","slug":"vores-historie-2","status":"publish","type":"page","link":"https:\/\/picturemylife.com\/da\/our-history\/","title":{"rendered":"Vores historie"},"content":{"rendered":"<div data-elementor-type=\"wp-post\" data-elementor-id=\"11756\" class=\"elementor elementor-11756\" data-elementor-post-type=\"page\">\n\t\t\t\t<div class=\"elementor-element elementor-element-aa16866 e-con-full e-flex e-con e-parent\" data-id=\"aa16866\" data-element_type=\"container\" data-e-type=\"container\">\n\t\t<div class=\"elementor-element elementor-element-3aed68f e-flex e-con-boxed e-con e-child\" data-id=\"3aed68f\" data-element_type=\"container\" data-e-type=\"container\">\n\t\t\t\t\t<div class=\"e-con-inner\">\n\t\t\t\t<div class=\"elementor-element elementor-element-9d06f62 elementor-widget elementor-widget-text-editor\" data-id=\"9d06f62\" data-element_type=\"widget\" data-e-type=\"widget\" data-widget_type=\"text-editor.default\">\n\t\t\t\t<div class=\"elementor-widget-container\">\n\t\t\t\t\t\t\t\t\t<p>VORES HISTORIE<\/p>\t\t\t\t\t\t\t\t<\/div>\n\t\t\t\t<\/div>\n\t\t\t\t<div class=\"elementor-element elementor-element-e69db3e elementor-widget__width-inherit elementor-widget elementor-widget-heading\" data-id=\"e69db3e\" data-element_type=\"widget\" data-e-type=\"widget\" data-widget_type=\"heading.default\">\n\t\t\t\t<div class=\"elementor-widget-container\">\n\t\t\t\t\t<h1 class=\"elementor-heading-title elementor-size-default\">Dette er PictureMyLife \n<\/h1>\t\t\t\t<\/div>\n\t\t\t\t<\/div>\n\t\t\t\t<div class=\"elementor-element elementor-element-ebe2de3 elementor-widget elementor-widget-text-editor\" data-id=\"ebe2de3\" data-element_type=\"widget\" data-e-type=\"widget\" data-widget_type=\"text-editor.default\">\n\t\t\t\t<div class=\"elementor-widget-container\">\n\t\t\t\t\t\t\t\t\t<p>PictureMyLife er en digital dagbog og kommunikationsplatform, der g\u00f8r det muligt at dokumentere, dele og forst\u00e5 hverdagslivet gennem billeder, video, lyd og tekst. Tjenesten er designet til personer i alle aldre, der har brug for ekstra st\u00f8tte til kommunikation, struktur eller deltagelse, men den bruges ogs\u00e5 af familier, skoler, pleje- og st\u00f8ttetjenester, der \u00f8nsker at skabe et sikkert og f\u00e6lles billede af det liv, der leves.<\/p>\t\t\t\t\t\t\t\t<\/div>\n\t\t\t\t<\/div>\n\t\t\t\t\t<\/div>\n\t\t\t\t<\/div>\n\t\t\t\t<\/div>\n\t\t<div class=\"elementor-element elementor-element-95f2bb9 e-con-full e-flex e-con e-parent\" data-id=\"95f2bb9\" data-element_type=\"container\" data-e-type=\"container\">\n\t\t<div class=\"elementor-element elementor-element-3118a46 e-con-full e-flex e-con e-child\" data-id=\"3118a46\" data-element_type=\"container\" data-e-type=\"container\" data-settings=\"{&quot;background_background&quot;:&quot;classic&quot;}\">\n\t\t\t\t<\/div>\n\t\t<div class=\"elementor-element elementor-element-5466fdb e-con-full e-flex e-con e-child\" data-id=\"5466fdb\" data-element_type=\"container\" data-e-type=\"container\">\n\t\t\t\t<div class=\"elementor-element elementor-element-e5132eb elementor-widget__width-initial elementor-widget-tablet__width-inherit elementor-widget elementor-widget-heading\" data-id=\"e5132eb\" data-element_type=\"widget\" data-e-type=\"widget\" data-widget_type=\"heading.default\">\n\t\t\t\t<div class=\"elementor-widget-container\">\n\t\t\t\t\t<h3 class=\"elementor-heading-title elementor-size-default\">Hvordan det hele begyndte\n<\/h3>\t\t\t\t<\/div>\n\t\t\t\t<\/div>\n\t\t\t\t<div class=\"elementor-element elementor-element-81c936a elementor-widget__width-initial elementor-widget elementor-widget-text-editor\" data-id=\"81c936a\" data-element_type=\"widget\" data-e-type=\"widget\" data-widget_type=\"text-editor.default\">\n\t\t\t\t<div class=\"elementor-widget-container\">\n\t\t\t\t\t\t\t\t\t<p>PictureMyLife blev grundlagt af en kvinde, hvis s\u00f8n har Downs syndrom. Den kontaktbog, der blev brugt, hvor skolens personale noterede daglige begivenheder, blev ofte v\u00e6k eller beskadiget, og hendes s\u00f8n havde ikke selv ordene til at fort\u00e6lle om sin dag.<\/p><p>PictureMyLife blev l\u00f8sningen p\u00e5 dette problem.<\/p><p>Lyder det bekendt? Kontakt os, s\u00e5 fort\u00e6ller vi gerne mere og viser, hvordan det fungerer.<\/p>\t\t\t\t\t\t\t\t<\/div>\n\t\t\t\t<\/div>\n\t\t\t\t<div class=\"elementor-element elementor-element-bdb0425 elementor-align-left elementor-widget elementor-widget-button\" data-id=\"bdb0425\" data-element_type=\"widget\" data-e-type=\"widget\" data-widget_type=\"button.default\">\n\t\t\t\t<div class=\"elementor-widget-container\">\n\t\t\t\t\t\t\t\t\t<div class=\"elementor-button-wrapper\">\n\t\t\t\t\t<a class=\"elementor-button elementor-button-link elementor-size-sm\" href=\"https:\/\/picturemylife.com\/da\/contact\/\">\n\t\t\t\t\t\t<span class=\"elementor-button-content-wrapper\">\n\t\t\t\t\t\t\t\t\t<span class=\"elementor-button-text\">ANMOD OM EN DEMONSTRATION<\/span>\n\t\t\t\t\t<\/span>\n\t\t\t\t\t<\/a>\n\t\t\t\t<\/div>\n\t\t\t\t\t\t\t\t<\/div>\n\t\t\t\t<\/div>\n\t\t\t\t<\/div>\n\t\t\t\t<\/div>\n\t\t\t\t<\/div>","protected":false},"excerpt":{"rendered":"<p>PictureMyLife blev f\u00f8dt ud af behovet for at g\u00f8re kommunikation og struktur mere tilg\u00e6ngelig for alle. Det, der startede som en id\u00e9 om at st\u00f8tte mennesker med kommunikationsudfordringer, er vokset til en brugervenlig, visuel platform, der bruges over hele verden. I dag hj\u00e6lper PictureMyLife tusindvis af mennesker med at skabe klarhed, uafh\u00e6ngighed og sammenh\u00e6ng i hverdagen.<\/p>","protected":false},"author":7,"featured_media":0,"parent":0,"menu_order":0,"comment_status":"closed","ping_status":"closed","template":"elementor_header_footer","meta":{"_seopress_robots_primary_cat":"","_seopress_titles_title":"","_seopress_titles_desc":"","_seopress_robots_index":"","footnotes":""},"class_list":["post-11756","page","type-page","status-publish","hentry"],"_links":{"self":[{"href":"https:\/\/picturemylife.com\/da\/wp-json\/wp\/v2\/pages\/11756","targetHints":{"allow":["GET"]}}],"collection":[{"href":"https:\/\/picturemylife.com\/da\/wp-json\/wp\/v2\/pages"}],"about":[{"href":"https:\/\/picturemylife.com\/da\/wp-json\/wp\/v2\/types\/page"}],"author":[{"embeddable":true,"href":"https:\/\/picturemylife.com\/da\/wp-json\/wp\/v2\/users\/7"}],"replies":[{"embeddable":true,"href":"https:\/\/picturemylife.com\/da\/wp-json\/wp\/v2\/comments?post=11756"}],"version-history":[{"count":0,"href":"https:\/\/picturemylife.com\/da\/wp-json\/wp\/v2\/pages\/11756\/revisions"}],"wp:attachment":[{"href":"https:\/\/picturemylife.com\/da\/wp-json\/wp\/v2\/media?parent=11756"}],"curies":[{"name":"wp","href":"https:\/\/api.w.org\/{rel}","templated":true}]}}