{"id":11501,"date":"2019-01-12T09:01:04","date_gmt":"2019-01-12T09:01:04","guid":{"rendered":"https:\/\/test.picturemylife.nl\/?page_id=11501"},"modified":"2026-03-26T08:38:44","modified_gmt":"2026-03-26T08:38:44","slug":"a-lecole","status":"publish","type":"page","link":"https:\/\/picturemylife.com\/fr\/at-school\/","title":{"rendered":"\u00c0 l'\u00e9cole"},"content":{"rendered":"<div data-elementor-type=\"wp-post\" data-elementor-id=\"11501\" class=\"elementor elementor-11501\" data-elementor-post-type=\"page\">\n\t\t\t\t<div class=\"elementor-element elementor-element-4616e1a e-con-full e-flex e-con e-parent\" data-id=\"4616e1a\" data-element_type=\"container\" data-e-type=\"container\">\n\t\t<div class=\"elementor-element elementor-element-1d01883 e-flex e-con-boxed e-con e-child\" data-id=\"1d01883\" data-element_type=\"container\" data-e-type=\"container\">\n\t\t\t\t\t<div class=\"e-con-inner\">\n\t\t\t\t<div class=\"elementor-element elementor-element-fd01bbd elementor-widget elementor-widget-text-editor\" data-id=\"fd01bbd\" data-element_type=\"widget\" data-e-type=\"widget\" data-widget_type=\"text-editor.default\">\n\t\t\t\t<div class=\"elementor-widget-container\">\n\t\t\t\t\t\t\t\t\t<p>\u00c9DUCATION SP\u00c9CIALE <\/p>\t\t\t\t\t\t\t\t<\/div>\n\t\t\t\t<\/div>\n\t\t\t\t<div class=\"elementor-element elementor-element-cdbfb0e elementor-widget__width-inherit elementor-widget elementor-widget-heading\" data-id=\"cdbfb0e\" data-element_type=\"widget\" data-e-type=\"widget\" data-widget_type=\"heading.default\">\n\t\t\t\t<div class=\"elementor-widget-container\">\n\t\t\t\t\t<h1 class=\"elementor-heading-title elementor-size-default\">Une communication am\u00e9lior\u00e9e, une participation\nparticipation et des m\u00e9thodes de travail plus\nplus efficaces \u00e0 l'\u00e9cole<\/h1>\t\t\t\t<\/div>\n\t\t\t\t<\/div>\n\t\t\t\t<div class=\"elementor-element elementor-element-fb8a6d1 elementor-widget__width-initial elementor-widget elementor-widget-text-editor\" data-id=\"fb8a6d1\" data-element_type=\"widget\" data-e-type=\"widget\" data-widget_type=\"text-editor.default\">\n\t\t\t\t<div class=\"elementor-widget-container\">\n\t\t\t\t\t\t\t\t\t<p>PictureMyLife est un outil puissant qui am\u00e9liore la communication, fait gagner du temps et cr\u00e9e une structure dans l'ensemble de l'organisation. La plateforme centralise toutes les communications entre l'\u00e9cole et la maison en un seul endroit s\u00e9curis\u00e9, clair et facilement accessible. Les transitions sont simplifi\u00e9es, assurant une continuit\u00e9 dans le temps, m\u00eame en cas de changement de personnel.<\/p><p>En rempla\u00e7ant les carnets de contacts physiques, les notes volantes et la communication num\u00e9rique fragment\u00e9e, les t\u00e2ches administratives sont r\u00e9duites, les malentendus sont minimis\u00e9s et le personnel a plus de temps \u00e0 consacrer \u00e0 ce qui compte le plus : le travail \u00e9ducatif.<\/p>\t\t\t\t\t\t\t\t<\/div>\n\t\t\t\t<\/div>\n\t\t\t\t\t<\/div>\n\t\t\t\t<\/div>\n\t\t\t\t<\/div>\n\t\t<div class=\"elementor-element elementor-element-b5b3c7b e-con-full e-flex e-con e-parent\" data-id=\"b5b3c7b\" data-element_type=\"container\" data-e-type=\"container\">\n\t\t<div class=\"elementor-element elementor-element-9281bf2 e-con-full e-flex e-con e-child\" data-id=\"9281bf2\" data-element_type=\"container\" data-e-type=\"container\">\n\t\t\t\t<div class=\"elementor-element elementor-element-732942c elementor-widget__width-initial elementor-widget-tablet__width-inherit elementor-widget elementor-widget-heading\" data-id=\"732942c\" data-element_type=\"widget\" data-e-type=\"widget\" data-widget_type=\"heading.default\">\n\t\t\t\t<div class=\"elementor-widget-container\">\n\t\t\t\t\t<h3 class=\"elementor-heading-title elementor-size-default\">Efficacit\u00e9 et structure pour l'ensemble de l'organisation\n<\/h3>\t\t\t\t<\/div>\n\t\t\t\t<\/div>\n\t\t\t\t<div class=\"elementor-element elementor-element-d9e517f elementor-widget__width-initial elementor-widget elementor-widget-text-editor\" data-id=\"d9e517f\" data-element_type=\"widget\" data-e-type=\"widget\" data-widget_type=\"text-editor.default\">\n\t\t\t\t<div class=\"elementor-widget-container\">\n\t\t\t\t\t\t\t\t\t<p>Toutes les communications sont rassembl\u00e9es dans un endroit s\u00fbr, organis\u00e9 par classe et par \u00e9l\u00e8ve. L'historique est pr\u00e9serv\u00e9 au fil du temps, ce qui cr\u00e9e de la transparence, de la continuit\u00e9 et un sentiment de s\u00e9curit\u00e9. Les \u00e9ducateurs peuvent documenter, partager et assurer le suivi sans travail suppl\u00e9mentaire, et les messages de groupe peuvent \u00eatre envoy\u00e9s directement \u00e0 des classes enti\u00e8res ou \u00e0 des \u00e9l\u00e8ves individuels.<\/p><p>La manipulation manuelle des carnets de contacts et des notes perdues est \u00e9limin\u00e9e, ce qui lib\u00e8re du temps pour ce qui compte le plus : le travail p\u00e9dagogique.<\/p>\t\t\t\t\t\t\t\t<\/div>\n\t\t\t\t<\/div>\n\t\t\t\t<\/div>\n\t\t<div class=\"elementor-element elementor-element-1bf94d6 e-con-full e-flex e-con e-child\" data-id=\"1bf94d6\" data-element_type=\"container\" data-e-type=\"container\" data-settings=\"{&quot;background_background&quot;:&quot;classic&quot;}\">\n\t\t\t\t<\/div>\n\t\t\t\t<\/div>\n\t\t<div class=\"elementor-element elementor-element-f4b9972 e-con-full e-flex e-con e-parent\" data-id=\"f4b9972\" data-element_type=\"container\" data-e-type=\"container\" data-settings=\"{&quot;background_background&quot;:&quot;classic&quot;}\">\n\t\t<div class=\"elementor-element elementor-element-3371f51 e-con-full e-flex e-con e-child\" data-id=\"3371f51\" data-element_type=\"container\" data-e-type=\"container\" data-settings=\"{&quot;background_background&quot;:&quot;classic&quot;}\">\n\t\t\t\t<\/div>\n\t\t<div class=\"elementor-element elementor-element-fceb947 e-con-full e-flex e-con e-child\" data-id=\"fceb947\" data-element_type=\"container\" data-e-type=\"container\">\n\t\t\t\t<div class=\"elementor-element elementor-element-8a4eba7 elementor-widget__width-initial elementor-widget-tablet__width-inherit elementor-widget elementor-widget-heading\" data-id=\"8a4eba7\" data-element_type=\"widget\" data-e-type=\"widget\" data-widget_type=\"heading.default\">\n\t\t\t\t<div class=\"elementor-widget-container\">\n\t\t\t\t\t<h3 class=\"elementor-heading-title elementor-size-default\">Strat\u00e9gie partag\u00e9e et soutien \u00e9ducatif\n<\/h3>\t\t\t\t<\/div>\n\t\t\t\t<\/div>\n\t\t\t\t<div class=\"elementor-element elementor-element-c1ea046 elementor-widget__width-initial elementor-widget elementor-widget-text-editor\" data-id=\"c1ea046\" data-element_type=\"widget\" data-e-type=\"widget\" data-widget_type=\"text-editor.default\">\n\t\t\t\t<div class=\"elementor-widget-container\">\n\t\t\t\t\t\t\t\t\t<p>PictureMyLife permet \u00e0 la direction de l'\u00e9cole d'\u00e9tablir une structure claire et unifi\u00e9e pour la communication et la participation. En adoptant une approche commune de la CAA (communication am\u00e9lior\u00e9e et alternative), des routines claires pour la documentation et une communication coh\u00e9rente entre les classes, la d\u00e9pendance \u00e0 l'\u00e9gard des membres du personnel est r\u00e9duite et la structure professionnelle de l'\u00e9cole est renforc\u00e9e.<\/p>\t\t\t\t\t\t\t\t<\/div>\n\t\t\t\t<\/div>\n\t\t\t\t<div class=\"elementor-element elementor-element-662bbcc elementor-widget__width-initial elementor-widget-tablet__width-inherit elementor-widget elementor-widget-heading\" data-id=\"662bbcc\" data-element_type=\"widget\" data-e-type=\"widget\" data-widget_type=\"heading.default\">\n\t\t\t\t<div class=\"elementor-widget-container\">\n\t\t\t\t\t<h3 class=\"elementor-heading-title elementor-size-default\">Parler les uns avec les autres, et non les uns sur les autres. Promouvoir la participation des \u00e9l\u00e8ves et le d\u00e9veloppement du langage.<\/h3>\t\t\t\t<\/div>\n\t\t\t\t<\/div>\n\t\t\t\t<div class=\"elementor-element elementor-element-129ab34 elementor-widget__width-initial elementor-widget elementor-widget-text-editor\" data-id=\"129ab34\" data-element_type=\"widget\" data-e-type=\"widget\" data-widget_type=\"text-editor.default\">\n\t\t\t\t<div class=\"elementor-widget-container\">\n\t\t\t\t\t\t\t\t\t<p>Les \u00e9l\u00e8ves peuvent s'exprimer, partager et communiquer de mani\u00e8re ind\u00e9pendante avec l'aide de la CAA, en reliant les mots \u00e0 des \u00e9v\u00e9nements concrets. Le soutien visuel et auditif am\u00e9liore la compr\u00e9hension, le d\u00e9veloppement du langage et l'estime de soi, tout en favorisant la participation et la compr\u00e9hension partag\u00e9e entre l'\u00e9cole et la maison. Le journal et les fonctions th\u00e9matiques permettent de r\u00e9fl\u00e9chir aux \u00e9v\u00e9nements et de suivre syst\u00e9matiquement les progr\u00e8s.<\/p>\t\t\t\t\t\t\t\t<\/div>\n\t\t\t\t<\/div>\n\t\t\t\t<\/div>\n\t\t\t\t<\/div>\n\t\t<div class=\"elementor-element elementor-element-875a486 e-con-full e-flex e-con e-parent\" data-id=\"875a486\" data-element_type=\"container\" data-e-type=\"container\">\n\t\t<div class=\"elementor-element elementor-element-2e13548 e-con-full e-flex e-con e-child\" data-id=\"2e13548\" data-element_type=\"container\" data-e-type=\"container\">\n\t\t\t\t<div class=\"elementor-element elementor-element-755fc58 elementor-widget__width-initial elementor-widget-tablet__width-inherit elementor-widget elementor-widget-heading\" data-id=\"755fc58\" data-element_type=\"widget\" data-e-type=\"widget\" data-widget_type=\"heading.default\">\n\t\t\t\t<div class=\"elementor-widget-container\">\n\t\t\t\t\t<h3 class=\"elementor-heading-title elementor-size-default\">S\u00e9curit\u00e9, clart\u00e9 et continuit\u00e9<\/h3>\t\t\t\t<\/div>\n\t\t\t\t<\/div>\n\t\t\t\t<div class=\"elementor-element elementor-element-7455a5f elementor-widget__width-initial elementor-widget elementor-widget-text-editor\" data-id=\"7455a5f\" data-element_type=\"widget\" data-e-type=\"widget\" data-widget_type=\"text-editor.default\">\n\t\t\t\t<div class=\"elementor-widget-container\">\n\t\t\t\t\t\t\t\t\t<p>Les programmes visuels et les instructions \u00e9tape par \u00e9tape permettent de mieux comprendre les le\u00e7ons, les activit\u00e9s et les routines. Lorsque les t\u00e2ches sont clairement d\u00e9finies, l'incertitude et le stress diminuent, l'autonomie s'accro\u00eet et les \u00e9l\u00e8ves se sentent plus en s\u00e9curit\u00e9 dans leur vie quotidienne.&nbsp;<\/p><p>Lorsque les \u00e9l\u00e8ves changent de classe, de niveau ou d'\u00e9cole, leur histoire et leurs m\u00e9thodes de travail les suivent. Le nouveau personnel acquiert une compr\u00e9hension claire des besoins et des points forts de chaque \u00e9l\u00e8ve, la continuit\u00e9 de la CAA est maintenue et la perte d'informations lors des changements de personnel est minimis\u00e9e. Cela permet de faciliter les transitions et d'assurer une continuit\u00e9 \u00e0 long terme<\/p>\t\t\t\t\t\t\t\t<\/div>\n\t\t\t\t<\/div>\n\t\t\t\t<div class=\"elementor-element elementor-element-0379100 elementor-align-left elementor-widget elementor-widget-button\" data-id=\"0379100\" data-element_type=\"widget\" data-e-type=\"widget\" data-widget_type=\"button.default\">\n\t\t\t\t<div class=\"elementor-widget-container\">\n\t\t\t\t\t\t\t\t\t<div class=\"elementor-button-wrapper\">\n\t\t\t\t\t<a class=\"elementor-button elementor-button-link elementor-size-sm\" href=\"https:\/\/picturemylife.com\/fr\/contact\/\">\n\t\t\t\t\t\t<span class=\"elementor-button-content-wrapper\">\n\t\t\t\t\t\t\t\t\t<span class=\"elementor-button-text\">DEMANDER UNE D\u00c9MONSTRATION<\/span>\n\t\t\t\t\t<\/span>\n\t\t\t\t\t<\/a>\n\t\t\t\t<\/div>\n\t\t\t\t\t\t\t\t<\/div>\n\t\t\t\t<\/div>\n\t\t\t\t<div class=\"elementor-element elementor-element-bd8ea3f elementor-widget elementor-widget-image\" data-id=\"bd8ea3f\" data-element_type=\"widget\" data-e-type=\"widget\" data-widget_type=\"image.default\">\n\t\t\t\t<div class=\"elementor-widget-container\">\n\t\t\t\t\t\t\t\t\t\t\t\t\t\t\t<img alt=\"\" fetchpriority=\"high\" decoding=\"async\" width=\"1280\" height=\"800\" src=\"https:\/\/picturemylife.com\/wp-content\/uploads\/2026\/03\/PictureMyLife-1200x800-in-school-4.jpg\" class=\"attachment-full size-full wp-image-13060\" srcset=\"https:\/\/picturemylife.com\/wp-content\/uploads\/2026\/03\/PictureMyLife-1200x800-in-school-4.jpg 1280w, https:\/\/picturemylife.com\/wp-content\/uploads\/2026\/03\/PictureMyLife-1200x800-in-school-4-300x188.jpg 300w, https:\/\/picturemylife.com\/wp-content\/uploads\/2026\/03\/PictureMyLife-1200x800-in-school-4-1024x640.jpg 1024w, https:\/\/picturemylife.com\/wp-content\/uploads\/2026\/03\/PictureMyLife-1200x800-in-school-4-768x480.jpg 768w, https:\/\/picturemylife.com\/wp-content\/uploads\/2026\/03\/PictureMyLife-1200x800-in-school-4-18x12.jpg 18w, https:\/\/picturemylife.com\/wp-content\/uploads\/2026\/03\/PictureMyLife-1200x800-in-school-4-770x480.jpg 770w\" sizes=\"(max-width: 1280px) 100vw, 1280px\" \/>\t\t\t\t\t\t\t\t\t\t\t\t\t\t\t<\/div>\n\t\t\t\t<\/div>\n\t\t\t\t<\/div>\n\t\t\t\t<\/div>\n\t\t\t\t<\/div>","protected":false},"excerpt":{"rendered":"<p>Harmoniser la communication et les instructions \u00e0 l'\u00e9cole, \u00e0 la maison et ailleurs.<\/p>","protected":false},"author":7,"featured_media":0,"parent":0,"menu_order":0,"comment_status":"closed","ping_status":"closed","template":"elementor_header_footer","meta":{"_seopress_robots_primary_cat":"","_seopress_titles_title":"","_seopress_titles_desc":"","_seopress_robots_index":"","footnotes":""},"class_list":["post-11501","page","type-page","status-publish","hentry"],"_links":{"self":[{"href":"https:\/\/picturemylife.com\/fr\/wp-json\/wp\/v2\/pages\/11501","targetHints":{"allow":["GET"]}}],"collection":[{"href":"https:\/\/picturemylife.com\/fr\/wp-json\/wp\/v2\/pages"}],"about":[{"href":"https:\/\/picturemylife.com\/fr\/wp-json\/wp\/v2\/types\/page"}],"author":[{"embeddable":true,"href":"https:\/\/picturemylife.com\/fr\/wp-json\/wp\/v2\/users\/7"}],"replies":[{"embeddable":true,"href":"https:\/\/picturemylife.com\/fr\/wp-json\/wp\/v2\/comments?post=11501"}],"version-history":[{"count":3,"href":"https:\/\/picturemylife.com\/fr\/wp-json\/wp\/v2\/pages\/11501\/revisions"}],"predecessor-version":[{"id":13459,"href":"https:\/\/picturemylife.com\/fr\/wp-json\/wp\/v2\/pages\/11501\/revisions\/13459"}],"wp:attachment":[{"href":"https:\/\/picturemylife.com\/fr\/wp-json\/wp\/v2\/media?parent=11501"}],"curies":[{"name":"wp","href":"https:\/\/api.w.org\/{rel}","templated":true}]}}