{"id":13105,"date":"2026-03-06T12:27:39","date_gmt":"2026-03-06T12:27:39","guid":{"rendered":"https:\/\/picturemylife.com\/?page_id=13105"},"modified":"2026-03-26T08:38:26","modified_gmt":"2026-03-26T08:38:26","slug":"le-lien-unificateur","status":"publish","type":"page","link":"https:\/\/picturemylife.com\/fr\/the-unifying-link\/","title":{"rendered":"Le lien unificateur"},"content":{"rendered":"<div data-elementor-type=\"wp-page\" data-elementor-id=\"13105\" class=\"elementor elementor-13105\" data-elementor-post-type=\"page\">\n\t\t\t\t<div class=\"elementor-element elementor-element-00662c4 e-con-full e-flex e-con e-parent\" data-id=\"00662c4\" data-element_type=\"container\" data-e-type=\"container\">\n\t\t<div class=\"elementor-element elementor-element-c1f9dcb e-flex e-con-boxed e-con e-child\" data-id=\"c1f9dcb\" data-element_type=\"container\" data-e-type=\"container\">\n\t\t\t\t\t<div class=\"e-con-inner\">\n\t\t\t\t<div class=\"elementor-element elementor-element-4f9ff8d elementor-widget elementor-widget-text-editor\" data-id=\"4f9ff8d\" data-element_type=\"widget\" data-e-type=\"widget\" data-widget_type=\"text-editor.default\">\n\t\t\t\t<div class=\"elementor-widget-container\">\n\t\t\t\t\t\t\t\t\t<p>LE LIEN UNIFICATEUR<\/p>\t\t\t\t\t\t\t\t<\/div>\n\t\t\t\t<\/div>\n\t\t\t\t<div class=\"elementor-element elementor-element-ec75064 elementor-widget__width-inherit elementor-widget elementor-widget-heading\" data-id=\"ec75064\" data-element_type=\"widget\" data-e-type=\"widget\" data-widget_type=\"heading.default\">\n\t\t\t\t<div class=\"elementor-widget-container\">\n\t\t\t\t\t<h1 class=\"elementor-heading-title elementor-size-default\">Une compr\u00e9hension commune de la vie quotidienne<\/h1>\t\t\t\t<\/div>\n\t\t\t\t<\/div>\n\t\t\t\t<div class=\"elementor-element elementor-element-4709b92 elementor-widget__width-initial elementor-widget elementor-widget-text-editor\" data-id=\"4709b92\" data-element_type=\"widget\" data-e-type=\"widget\" data-widget_type=\"text-editor.default\">\n\t\t\t\t<div class=\"elementor-widget-container\">\n\t\t\t\t\t\t\t\t\t<p>La force de PictureMyLife r\u00e9side dans l'interaction entre l'individu, la famille et l'organisation. La vie quotidienne est document\u00e9e sur une plateforme s\u00e9curis\u00e9e \u00e0 l'aide d'images, de vid\u00e9os, de sons et de textes, ce qui rend les exp\u00e9riences visibles, compr\u00e9hensibles et partageables. La compr\u00e9hension partag\u00e9e renforce les relations et favorise la proximit\u00e9.<\/p>\t\t\t\t\t\t\t\t<\/div>\n\t\t\t\t<\/div>\n\t\t\t\t\t<\/div>\n\t\t\t\t<\/div>\n\t\t\t\t<\/div>\n\t\t<div class=\"elementor-element elementor-element-40d830a e-con-full e-flex e-con e-parent\" data-id=\"40d830a\" data-element_type=\"container\" data-e-type=\"container\">\n\t\t<div class=\"elementor-element elementor-element-f5cdfc1 e-con-full e-flex e-con e-child\" data-id=\"f5cdfc1\" data-element_type=\"container\" data-e-type=\"container\">\n\t\t\t\t<div class=\"elementor-element elementor-element-d6ad1db elementor-widget__width-initial elementor-widget-tablet__width-inherit elementor-widget elementor-widget-heading\" data-id=\"d6ad1db\" data-element_type=\"widget\" data-e-type=\"widget\" data-widget_type=\"heading.default\">\n\t\t\t\t<div class=\"elementor-widget-container\">\n\t\t\t\t\t<h3 class=\"elementor-heading-title elementor-size-default\">L'individu<\/h3>\t\t\t\t<\/div>\n\t\t\t\t<\/div>\n\t\t\t\t<div class=\"elementor-element elementor-element-47f21a8 elementor-widget__width-initial elementor-widget elementor-widget-text-editor\" data-id=\"47f21a8\" data-element_type=\"widget\" data-e-type=\"widget\" data-widget_type=\"text-editor.default\">\n\t\t\t\t<div class=\"elementor-widget-container\">\n\t\t\t\t\t\t\t\t\t<p>PictureMyLife se concentre toujours sur la personne dont il est question dans le journal. En documentant les exp\u00e9riences et les \u00e9v\u00e9nements d'une mani\u00e8re adapt\u00e9e aux capacit\u00e9s de la personne, la participation et l'autod\u00e9termination sont renforc\u00e9es. Les images, les enregistrements vocaux, les textes et les supports visuels permettent de s'exprimer au-del\u00e0 du langage traditionnel et r\u00e9duisent le risque de malentendus.\u00a0<\/p><p>Le journal devient un outil de m\u00e9moire, de compr\u00e9hension et d'identit\u00e9. Il permet de revenir sur des \u00e9v\u00e9nements pass\u00e9s, de pr\u00e9parer l'avenir et de cr\u00e9er un contexte dans la vie de tous les jours.<\/p>\t\t\t\t\t\t\t\t<\/div>\n\t\t\t\t<\/div>\n\t\t\t\t<div class=\"elementor-element elementor-element-a6c56e5 elementor-align-left elementor-widget elementor-widget-button\" data-id=\"a6c56e5\" data-element_type=\"widget\" data-e-type=\"widget\" data-widget_type=\"button.default\">\n\t\t\t\t<div class=\"elementor-widget-container\">\n\t\t\t\t\t\t\t\t\t<div class=\"elementor-button-wrapper\">\n\t\t\t\t\t<a class=\"elementor-button elementor-button-link elementor-size-sm\" href=\"https:\/\/picturemylife.com\/fr\/the-individual\/\">\n\t\t\t\t\t\t<span class=\"elementor-button-content-wrapper\">\n\t\t\t\t\t\t\t\t\t<span class=\"elementor-button-text\">En savoir plus<\/span>\n\t\t\t\t\t<\/span>\n\t\t\t\t\t<\/a>\n\t\t\t\t<\/div>\n\t\t\t\t\t\t\t\t<\/div>\n\t\t\t\t<\/div>\n\t\t\t\t<\/div>\n\t\t<div class=\"elementor-element elementor-element-0f700ac e-con-full e-flex e-con e-child\" data-id=\"0f700ac\" data-element_type=\"container\" data-e-type=\"container\" data-settings=\"{&quot;background_background&quot;:&quot;classic&quot;}\">\n\t\t\t\t<\/div>\n\t\t\t\t<\/div>\n\t\t<div class=\"elementor-element elementor-element-987c7ab e-con-full e-flex e-con e-parent\" data-id=\"987c7ab\" data-element_type=\"container\" data-e-type=\"container\" data-settings=\"{&quot;background_background&quot;:&quot;classic&quot;}\">\n\t\t<div class=\"elementor-element elementor-element-a90afe4 e-con-full e-flex e-con e-child\" data-id=\"a90afe4\" data-element_type=\"container\" data-e-type=\"container\" data-settings=\"{&quot;background_background&quot;:&quot;classic&quot;}\">\n\t\t\t\t<\/div>\n\t\t<div class=\"elementor-element elementor-element-873fb2e e-con-full e-flex e-con e-child\" data-id=\"873fb2e\" data-element_type=\"container\" data-e-type=\"container\">\n\t\t\t\t<div class=\"elementor-element elementor-element-88a7566 elementor-widget__width-initial elementor-widget-tablet__width-inherit elementor-widget elementor-widget-heading\" data-id=\"88a7566\" data-element_type=\"widget\" data-e-type=\"widget\" data-widget_type=\"heading.default\">\n\t\t\t\t<div class=\"elementor-widget-container\">\n\t\t\t\t\t<h3 class=\"elementor-heading-title elementor-size-default\">Famille et proches<\/h3>\t\t\t\t<\/div>\n\t\t\t\t<\/div>\n\t\t\t\t<div class=\"elementor-element elementor-element-0e26102 elementor-widget__width-initial elementor-widget elementor-widget-text-editor\" data-id=\"0e26102\" data-element_type=\"widget\" data-e-type=\"widget\" data-widget_type=\"text-editor.default\">\n\t\t\t\t<div class=\"elementor-widget-container\">\n\t\t\t\t\t\t\t\t\t<p>Pour la famille et les proches, PictureMyLife offre une fen\u00eatre naturelle sur la vie quotidienne. Lorsque les exp\u00e9riences sont partag\u00e9es en permanence, il devient plus facile de comprendre comment se d\u00e9roulent les journ\u00e9es et ce qui est important dans l'instant. Les conversations peuvent \u00eatre bas\u00e9es sur des \u00e9v\u00e9nements concrets plut\u00f4t que sur des suppositions ou des fragments.&nbsp;<\/p>\n<p>Cela renforce les relations et favorise la proximit\u00e9, m\u00eame lorsque les personnes ne se trouvent pas au m\u00eame endroit.<\/p>\t\t\t\t\t\t\t\t<\/div>\n\t\t\t\t<\/div>\n\t\t\t\t<\/div>\n\t\t\t\t<\/div>\n\t\t<div class=\"elementor-element elementor-element-3c54c48 e-con-full e-flex e-con e-parent\" data-id=\"3c54c48\" data-element_type=\"container\" data-e-type=\"container\">\n\t\t<div class=\"elementor-element elementor-element-8b8c453 e-con-full e-flex e-con e-child\" data-id=\"8b8c453\" data-element_type=\"container\" data-e-type=\"container\">\n\t\t\t\t<div class=\"elementor-element elementor-element-2c2ac23 elementor-widget__width-initial elementor-widget-tablet__width-inherit elementor-widget elementor-widget-heading\" data-id=\"2c2ac23\" data-element_type=\"widget\" data-e-type=\"widget\" data-widget_type=\"heading.default\">\n\t\t\t\t<div class=\"elementor-widget-container\">\n\t\t\t\t\t<h3 class=\"elementor-heading-title elementor-size-default\">\u00c9coles et services de soins<\/h3>\t\t\t\t<\/div>\n\t\t\t\t<\/div>\n\t\t\t\t<div class=\"elementor-element elementor-element-dfce557 elementor-widget__width-initial elementor-widget elementor-widget-text-editor\" data-id=\"dfce557\" data-element_type=\"widget\" data-e-type=\"widget\" data-widget_type=\"text-editor.default\">\n\t\t\t\t<div class=\"elementor-widget-container\">\n\t\t\t\t\t\t\t\t\t<p>Dans les \u00e9coles, les services de soins et de soutien, PictureMyLife sert d'outil de structuration, de communication et de collaboration. Lorsque les activit\u00e9s sont document\u00e9es visuellement, cela cr\u00e9e de meilleures conditions de pr\u00e9visibilit\u00e9 et de suivi. Le m\u00eame contenu peut \u00eatre partag\u00e9 avec la maison, ce qui assure une continuit\u00e9 et une compr\u00e9hension commune autour de l'individu.\u00a0<\/p><p>La plateforme est \u00e9galement utile pour ceux qui communiquent principalement par la parole et le texte.<\/p>\t\t\t\t\t\t\t\t<\/div>\n\t\t\t\t<\/div>\n\t\t\t\t<\/div>\n\t\t<div class=\"elementor-element elementor-element-d95ffec e-con-full e-flex e-con e-child\" data-id=\"d95ffec\" data-element_type=\"container\" data-e-type=\"container\" data-settings=\"{&quot;background_background&quot;:&quot;classic&quot;}\">\n\t\t\t\t<\/div>\n\t\t\t\t<\/div>\n\t\t<div class=\"elementor-element elementor-element-cfd5052 e-con-full e-flex e-con e-parent\" data-id=\"cfd5052\" data-element_type=\"container\" data-e-type=\"container\">\n\t\t<div class=\"elementor-element elementor-element-fcf3561 e-con-full e-flex e-con e-child\" data-id=\"fcf3561\" data-element_type=\"container\" data-e-type=\"container\">\n\t\t\t\t<div class=\"elementor-element elementor-element-7dc97a6 elementor-align-left elementor-widget elementor-widget-button\" data-id=\"7dc97a6\" data-element_type=\"widget\" data-e-type=\"widget\" data-widget_type=\"button.default\">\n\t\t\t\t<div class=\"elementor-widget-container\">\n\t\t\t\t\t\t\t\t\t<div class=\"elementor-button-wrapper\">\n\t\t\t\t\t<a class=\"elementor-button elementor-button-link elementor-size-sm\" href=\"https:\/\/picturemylife.com\/fr\/at-school\/\">\n\t\t\t\t\t\t<span class=\"elementor-button-content-wrapper\">\n\t\t\t\t\t\t\t\t\t<span class=\"elementor-button-text\">POUR LES \u00c9COLES<\/span>\n\t\t\t\t\t<\/span>\n\t\t\t\t\t<\/a>\n\t\t\t\t<\/div>\n\t\t\t\t\t\t\t\t<\/div>\n\t\t\t\t<\/div>\n\t\t\t\t<div class=\"elementor-element elementor-element-321b0f3 elementor-align-left elementor-widget elementor-widget-button\" data-id=\"321b0f3\" data-element_type=\"widget\" data-e-type=\"widget\" data-widget_type=\"button.default\">\n\t\t\t\t<div class=\"elementor-widget-container\">\n\t\t\t\t\t\t\t\t\t<div class=\"elementor-button-wrapper\">\n\t\t\t\t\t<a class=\"elementor-button elementor-button-link elementor-size-sm\" href=\"https:\/\/picturemylife.com\/fr\/in-care\/\">\n\t\t\t\t\t\t<span class=\"elementor-button-content-wrapper\">\n\t\t\t\t\t\t\t\t\t<span class=\"elementor-button-text\">POUR LES SERVICES DE SOINS<\/span>\n\t\t\t\t\t<\/span>\n\t\t\t\t\t<\/a>\n\t\t\t\t<\/div>\n\t\t\t\t\t\t\t\t<\/div>\n\t\t\t\t<\/div>\n\t\t\t\t<\/div>\n\t\t\t\t<\/div>\n\t\t\t\t<\/div>","protected":false},"excerpt":{"rendered":"<p>THE UNIFYING LINK A shared understanding of everyday life The strength of PictureMyLife lies in the interaction between the individual, the family, and the\u00a0organization. Everyday life is documented on a secure platform using images, video, audio, and text,\u00a0making experiences visible, understandable, and shareable. Shared understanding strengthens relationships and fosters closeness The individual PictureMyLife always focuses [&hellip;]<\/p>\n","protected":false},"author":7,"featured_media":0,"parent":0,"menu_order":0,"comment_status":"closed","ping_status":"closed","template":"elementor_header_footer","meta":{"_seopress_robots_primary_cat":"","_seopress_titles_title":"","_seopress_titles_desc":"","_seopress_robots_index":"","footnotes":""},"class_list":["post-13105","page","type-page","status-publish","hentry"],"_links":{"self":[{"href":"https:\/\/picturemylife.com\/fr\/wp-json\/wp\/v2\/pages\/13105","targetHints":{"allow":["GET"]}}],"collection":[{"href":"https:\/\/picturemylife.com\/fr\/wp-json\/wp\/v2\/pages"}],"about":[{"href":"https:\/\/picturemylife.com\/fr\/wp-json\/wp\/v2\/types\/page"}],"author":[{"embeddable":true,"href":"https:\/\/picturemylife.com\/fr\/wp-json\/wp\/v2\/users\/7"}],"replies":[{"embeddable":true,"href":"https:\/\/picturemylife.com\/fr\/wp-json\/wp\/v2\/comments?post=13105"}],"version-history":[{"count":3,"href":"https:\/\/picturemylife.com\/fr\/wp-json\/wp\/v2\/pages\/13105\/revisions"}],"predecessor-version":[{"id":13456,"href":"https:\/\/picturemylife.com\/fr\/wp-json\/wp\/v2\/pages\/13105\/revisions\/13456"}],"wp:attachment":[{"href":"https:\/\/picturemylife.com\/fr\/wp-json\/wp\/v2\/media?parent=13105"}],"curies":[{"name":"wp","href":"https:\/\/api.w.org\/{rel}","templated":true}]}}