{"id":11501,"date":"2019-01-12T09:01:04","date_gmt":"2019-01-12T09:01:04","guid":{"rendered":"https:\/\/test.picturemylife.nl\/?page_id=11501"},"modified":"2026-03-26T08:38:44","modified_gmt":"2026-03-26T08:38:44","slug":"i-skolan","status":"publish","type":"page","link":"https:\/\/picturemylife.com\/sv\/at-school\/","title":{"rendered":"I skolan"},"content":{"rendered":"<div data-elementor-type=\"wp-post\" data-elementor-id=\"11501\" class=\"elementor elementor-11501\" data-elementor-post-type=\"page\">\n\t\t\t\t<div class=\"elementor-element elementor-element-4616e1a e-con-full e-flex e-con e-parent\" data-id=\"4616e1a\" data-element_type=\"container\" data-e-type=\"container\">\n\t\t<div class=\"elementor-element elementor-element-1d01883 e-flex e-con-boxed e-con e-child\" data-id=\"1d01883\" data-element_type=\"container\" data-e-type=\"container\">\n\t\t\t\t\t<div class=\"e-con-inner\">\n\t\t\t\t<div class=\"elementor-element elementor-element-fd01bbd elementor-widget elementor-widget-text-editor\" data-id=\"fd01bbd\" data-element_type=\"widget\" data-e-type=\"widget\" data-widget_type=\"text-editor.default\">\n\t\t\t\t<div class=\"elementor-widget-container\">\n\t\t\t\t\t\t\t\t\t<p>SPECIALUNDERVISNING <\/p>\t\t\t\t\t\t\t\t<\/div>\n\t\t\t\t<\/div>\n\t\t\t\t<div class=\"elementor-element elementor-element-cdbfb0e elementor-widget__width-inherit elementor-widget elementor-widget-heading\" data-id=\"cdbfb0e\" data-element_type=\"widget\" data-e-type=\"widget\" data-widget_type=\"heading.default\">\n\t\t\t\t<div class=\"elementor-widget-container\">\n\t\t\t\t\t<h1 class=\"elementor-heading-title elementor-size-default\">F\u00f6rb\u00e4ttrad kommunikation, \u00f6kad\ndelaktighet och effektivare arbetss\u00e4tt<\/h1>\t\t\t\t<\/div>\n\t\t\t\t<\/div>\n\t\t\t\t<div class=\"elementor-element elementor-element-fb8a6d1 elementor-widget__width-initial elementor-widget elementor-widget-text-editor\" data-id=\"fb8a6d1\" data-element_type=\"widget\" data-e-type=\"widget\" data-widget_type=\"text-editor.default\">\n\t\t\t\t<div class=\"elementor-widget-container\">\n\t\t\t\t\t\t\t\t\t<p>PictureMyLife \u00e4r ett kraftfullt verktyg f\u00f6r anpassad skola som st\u00e4rker kommunikationen, sparar tid och skapar struktur i hela organisationen. Plattformen samlar all kommunikation mellan skola och hem p\u00e5 ett och samma st\u00e4lle, s\u00e4kert, \u00f6versk\u00e5dligt och l\u00e4ttillg\u00e4ngligt. \u00d6verg\u00e5ngar f\u00f6renklas och ger kontinuitet \u00f6ver tid, \u00e4ven vid personalbyten.<\/p><p>Genom att ers\u00e4tta fysiska kontaktb\u00f6cker, l\u00f6sa lappar och splittrad digital kommunikation minskar administrationen, missf\u00f6rst\u00e5nden blir f\u00e4rre och personalen f\u00e5r mer tid till det som \u00e4r viktigast: det pedagogiska arbetet.<\/p>\t\t\t\t\t\t\t\t<\/div>\n\t\t\t\t<\/div>\n\t\t\t\t\t<\/div>\n\t\t\t\t<\/div>\n\t\t\t\t<\/div>\n\t\t<div class=\"elementor-element elementor-element-b5b3c7b e-con-full e-flex e-con e-parent\" data-id=\"b5b3c7b\" data-element_type=\"container\" data-e-type=\"container\">\n\t\t<div class=\"elementor-element elementor-element-9281bf2 e-con-full e-flex e-con e-child\" data-id=\"9281bf2\" data-element_type=\"container\" data-e-type=\"container\">\n\t\t\t\t<div class=\"elementor-element elementor-element-732942c elementor-widget__width-initial elementor-widget-tablet__width-inherit elementor-widget elementor-widget-heading\" data-id=\"732942c\" data-element_type=\"widget\" data-e-type=\"widget\" data-widget_type=\"heading.default\">\n\t\t\t\t<div class=\"elementor-widget-container\">\n\t\t\t\t\t<h3 class=\"elementor-heading-title elementor-size-default\">Effektivitet och struktur f\u00f6r hela organisationen\n<\/h3>\t\t\t\t<\/div>\n\t\t\t\t<\/div>\n\t\t\t\t<div class=\"elementor-element elementor-element-d9e517f elementor-widget__width-initial elementor-widget elementor-widget-text-editor\" data-id=\"d9e517f\" data-element_type=\"widget\" data-e-type=\"widget\" data-widget_type=\"text-editor.default\">\n\t\t\t\t<div class=\"elementor-widget-container\">\n\t\t\t\t\t\t\t\t\t<p>All kommunikation samlas p\u00e5 en s\u00e4ker plats, uppdelad per klass och elev. Historik sparas \u00f6ver tid, vilket skapar transparens, kontinuitet och trygghet. Pedagoger kan dokumentera, dela och f\u00f6lja upp utan extra arbetsmoment, och gruppinl\u00e4gg skickas direkt till hela klasser eller enskilda elever.<\/p><p>Manuell hantering av kontaktb\u00f6cker och borttappade anteckningar f\u00f6rsvinner, vilket frig\u00f6r tid f\u00f6r det pedagogiska arbetet.<\/p>\t\t\t\t\t\t\t\t<\/div>\n\t\t\t\t<\/div>\n\t\t\t\t<\/div>\n\t\t<div class=\"elementor-element elementor-element-1bf94d6 e-con-full e-flex e-con e-child\" data-id=\"1bf94d6\" data-element_type=\"container\" data-e-type=\"container\" data-settings=\"{&quot;background_background&quot;:&quot;classic&quot;}\">\n\t\t\t\t<\/div>\n\t\t\t\t<\/div>\n\t\t<div class=\"elementor-element elementor-element-f4b9972 e-con-full e-flex e-con e-parent\" data-id=\"f4b9972\" data-element_type=\"container\" data-e-type=\"container\" data-settings=\"{&quot;background_background&quot;:&quot;classic&quot;}\">\n\t\t<div class=\"elementor-element elementor-element-3371f51 e-con-full e-flex e-con e-child\" data-id=\"3371f51\" data-element_type=\"container\" data-e-type=\"container\" data-settings=\"{&quot;background_background&quot;:&quot;classic&quot;}\">\n\t\t\t\t<\/div>\n\t\t<div class=\"elementor-element elementor-element-fceb947 e-con-full e-flex e-con e-child\" data-id=\"fceb947\" data-element_type=\"container\" data-e-type=\"container\">\n\t\t\t\t<div class=\"elementor-element elementor-element-8a4eba7 elementor-widget__width-initial elementor-widget-tablet__width-inherit elementor-widget elementor-widget-heading\" data-id=\"8a4eba7\" data-element_type=\"widget\" data-e-type=\"widget\" data-widget_type=\"heading.default\">\n\t\t\t\t<div class=\"elementor-widget-container\">\n\t\t\t\t\t<h3 class=\"elementor-heading-title elementor-size-default\">Gemensam strategi och pedagogiskt st\u00f6d\n<\/h3>\t\t\t\t<\/div>\n\t\t\t\t<\/div>\n\t\t\t\t<div class=\"elementor-element elementor-element-c1ea046 elementor-widget__width-initial elementor-widget elementor-widget-text-editor\" data-id=\"c1ea046\" data-element_type=\"widget\" data-e-type=\"widget\" data-widget_type=\"text-editor.default\">\n\t\t\t\t<div class=\"elementor-widget-container\">\n\t\t\t\t\t\t\t\t\t<p>PictureMyLife ger skolledningen m\u00f6jlighet att etablera en tydlig och gemensam struktur f\u00f6r kommunikation och delaktighet. Genom gemensamt arbetss\u00e4tt kring AKK, tydliga rutiner f\u00f6r dokumentation och likv\u00e4rdig kommunikation mellan klasser minskar personberoendet och skolans professionella struktur st\u00e4rks.<\/p>\t\t\t\t\t\t\t\t<\/div>\n\t\t\t\t<\/div>\n\t\t\t\t<div class=\"elementor-element elementor-element-662bbcc elementor-widget__width-initial elementor-widget-tablet__width-inherit elementor-widget elementor-widget-heading\" data-id=\"662bbcc\" data-element_type=\"widget\" data-e-type=\"widget\" data-widget_type=\"heading.default\">\n\t\t\t\t<div class=\"elementor-widget-container\">\n\t\t\t\t\t<h3 class=\"elementor-heading-title elementor-size-default\">Tala med \u2013 inte om \u2013 varandra. Elevens delaktighet och spr\u00e5kutveckling.<\/h3>\t\t\t\t<\/div>\n\t\t\t\t<\/div>\n\t\t\t\t<div class=\"elementor-element elementor-element-129ab34 elementor-widget__width-initial elementor-widget elementor-widget-text-editor\" data-id=\"129ab34\" data-element_type=\"widget\" data-e-type=\"widget\" data-widget_type=\"text-editor.default\">\n\t\t\t\t<div class=\"elementor-widget-container\">\n\t\t\t\t\t\t\t\t\t<p>Eleven kan sj\u00e4lv visa, ber\u00e4tta och dela med st\u00f6d av AKK, d\u00e4r ord kopplas till konkreta h\u00e4ndelser. Visuellt och auditivt st\u00f6d st\u00e4rker f\u00f6rst\u00e5elsen, spr\u00e5kutvecklingen och sj\u00e4lvbilden, samtidigt som delaktighet och gemensam f\u00f6rst\u00e5else mellan skola och hem skapas. Dagboks- och temafunktioner g\u00f6r det m\u00f6jligt att reflektera \u00f6ver h\u00e4ndelser och f\u00f6lja utvecklingen systematiskt.<\/p>\t\t\t\t\t\t\t\t<\/div>\n\t\t\t\t<\/div>\n\t\t\t\t<\/div>\n\t\t\t\t<\/div>\n\t\t<div class=\"elementor-element elementor-element-875a486 e-con-full e-flex e-con e-parent\" data-id=\"875a486\" data-element_type=\"container\" data-e-type=\"container\">\n\t\t<div class=\"elementor-element elementor-element-2e13548 e-con-full e-flex e-con e-child\" data-id=\"2e13548\" data-element_type=\"container\" data-e-type=\"container\">\n\t\t\t\t<div class=\"elementor-element elementor-element-755fc58 elementor-widget__width-initial elementor-widget-tablet__width-inherit elementor-widget elementor-widget-heading\" data-id=\"755fc58\" data-element_type=\"widget\" data-e-type=\"widget\" data-widget_type=\"heading.default\">\n\t\t\t\t<div class=\"elementor-widget-container\">\n\t\t\t\t\t<h3 class=\"elementor-heading-title elementor-size-default\">Trygghet, tydlighet och kontinuitet<\/h3>\t\t\t\t<\/div>\n\t\t\t\t<\/div>\n\t\t\t\t<div class=\"elementor-element elementor-element-7455a5f elementor-widget__width-initial elementor-widget elementor-widget-text-editor\" data-id=\"7455a5f\" data-element_type=\"widget\" data-e-type=\"widget\" data-widget_type=\"text-editor.default\">\n\t\t\t\t<div class=\"elementor-widget-container\">\n\t\t\t\t\t\t\t\t\t<p>Visuella scheman och steg-f\u00f6r-steg-instruktioner \u00f6kar begripligheten i lektioner, aktiviteter och rutiner. N\u00e4r arbetsmoment blir tydliga minskar os\u00e4kerhet och stress, sj\u00e4lvst\u00e4ndigheten \u00f6kar och tryggheten i vardagen st\u00e4rks.&nbsp;<\/p><p>N\u00e4r elever byter klass, stadie eller skola f\u00f6ljer historik och arbetss\u00e4tt med. Ny personal f\u00e5r en tydlig bild av elevens behov och styrkor, kontinuitet i AKK s\u00e4kerst\u00e4lls och informationsf\u00f6rlust vid personalbyten minskar. Detta skapar tryggare \u00f6verg\u00e5ngar och l\u00e5ngsiktig kontinuitet.<\/p>\t\t\t\t\t\t\t\t<\/div>\n\t\t\t\t<\/div>\n\t\t\t\t<div class=\"elementor-element elementor-element-0379100 elementor-align-left elementor-widget elementor-widget-button\" data-id=\"0379100\" data-element_type=\"widget\" data-e-type=\"widget\" data-widget_type=\"button.default\">\n\t\t\t\t<div class=\"elementor-widget-container\">\n\t\t\t\t\t\t\t\t\t<div class=\"elementor-button-wrapper\">\n\t\t\t\t\t<a class=\"elementor-button elementor-button-link elementor-size-sm\" href=\"https:\/\/picturemylife.com\/sv\/contact\/\">\n\t\t\t\t\t\t<span class=\"elementor-button-content-wrapper\">\n\t\t\t\t\t\t\t\t\t<span class=\"elementor-button-text\">BOKA EN DEMO<\/span>\n\t\t\t\t\t<\/span>\n\t\t\t\t\t<\/a>\n\t\t\t\t<\/div>\n\t\t\t\t\t\t\t\t<\/div>\n\t\t\t\t<\/div>\n\t\t\t\t<div class=\"elementor-element elementor-element-bd8ea3f elementor-widget elementor-widget-image\" data-id=\"bd8ea3f\" data-element_type=\"widget\" data-e-type=\"widget\" data-widget_type=\"image.default\">\n\t\t\t\t<div class=\"elementor-widget-container\">\n\t\t\t\t\t\t\t\t\t\t\t\t\t\t\t<img alt=\"\" fetchpriority=\"high\" decoding=\"async\" width=\"1280\" height=\"800\" src=\"https:\/\/picturemylife.com\/wp-content\/uploads\/2026\/03\/PictureMyLife-1200x800-in-school-4.jpg\" class=\"attachment-full size-full wp-image-13060\" srcset=\"https:\/\/picturemylife.com\/wp-content\/uploads\/2026\/03\/PictureMyLife-1200x800-in-school-4.jpg 1280w, https:\/\/picturemylife.com\/wp-content\/uploads\/2026\/03\/PictureMyLife-1200x800-in-school-4-300x188.jpg 300w, https:\/\/picturemylife.com\/wp-content\/uploads\/2026\/03\/PictureMyLife-1200x800-in-school-4-1024x640.jpg 1024w, https:\/\/picturemylife.com\/wp-content\/uploads\/2026\/03\/PictureMyLife-1200x800-in-school-4-768x480.jpg 768w, https:\/\/picturemylife.com\/wp-content\/uploads\/2026\/03\/PictureMyLife-1200x800-in-school-4-18x12.jpg 18w, https:\/\/picturemylife.com\/wp-content\/uploads\/2026\/03\/PictureMyLife-1200x800-in-school-4-770x480.jpg 770w\" sizes=\"(max-width: 1280px) 100vw, 1280px\" \/>\t\t\t\t\t\t\t\t\t\t\t\t\t\t\t<\/div>\n\t\t\t\t<\/div>\n\t\t\t\t<\/div>\n\t\t\t\t<\/div>\n\t\t\t\t<\/div>","protected":false},"excerpt":{"rendered":"<p>Harmonisera kommunikation och instruktioner i skolan, hemma och p\u00e5 andra st\u00e4llen.<\/p>","protected":false},"author":7,"featured_media":0,"parent":0,"menu_order":0,"comment_status":"closed","ping_status":"closed","template":"elementor_header_footer","meta":{"_seopress_robots_primary_cat":"","_seopress_titles_title":"","_seopress_titles_desc":"","_seopress_robots_index":"","footnotes":""},"class_list":["post-11501","page","type-page","status-publish","hentry"],"_links":{"self":[{"href":"https:\/\/picturemylife.com\/sv\/wp-json\/wp\/v2\/pages\/11501","targetHints":{"allow":["GET"]}}],"collection":[{"href":"https:\/\/picturemylife.com\/sv\/wp-json\/wp\/v2\/pages"}],"about":[{"href":"https:\/\/picturemylife.com\/sv\/wp-json\/wp\/v2\/types\/page"}],"author":[{"embeddable":true,"href":"https:\/\/picturemylife.com\/sv\/wp-json\/wp\/v2\/users\/7"}],"replies":[{"embeddable":true,"href":"https:\/\/picturemylife.com\/sv\/wp-json\/wp\/v2\/comments?post=11501"}],"version-history":[{"count":3,"href":"https:\/\/picturemylife.com\/sv\/wp-json\/wp\/v2\/pages\/11501\/revisions"}],"predecessor-version":[{"id":13459,"href":"https:\/\/picturemylife.com\/sv\/wp-json\/wp\/v2\/pages\/11501\/revisions\/13459"}],"wp:attachment":[{"href":"https:\/\/picturemylife.com\/sv\/wp-json\/wp\/v2\/media?parent=11501"}],"curies":[{"name":"wp","href":"https:\/\/api.w.org\/{rel}","templated":true}]}}