{"id":13039,"date":"2026-03-05T14:25:37","date_gmt":"2026-03-05T14:25:37","guid":{"rendered":"https:\/\/picturemylife.com\/?page_id=13039"},"modified":"2026-03-26T08:37:44","modified_gmt":"2026-03-26T08:37:44","slug":"hur-det-fungerar","status":"publish","type":"page","link":"https:\/\/picturemylife.com\/sv\/how-it-works\/","title":{"rendered":"S\u00e5 h\u00e4r fungerar det"},"content":{"rendered":"<div data-elementor-type=\"wp-page\" data-elementor-id=\"13039\" class=\"elementor elementor-13039\" data-elementor-post-type=\"page\">\n\t\t\t\t<div class=\"elementor-element elementor-element-e48c6ca e-con-full e-flex e-con e-parent\" data-id=\"e48c6ca\" data-element_type=\"container\" data-e-type=\"container\">\n\t\t<div class=\"elementor-element elementor-element-aeff0ce e-flex e-con-boxed e-con e-child\" data-id=\"aeff0ce\" data-element_type=\"container\" data-e-type=\"container\">\n\t\t\t\t\t<div class=\"e-con-inner\">\n\t\t\t\t<div class=\"elementor-element elementor-element-eba15c4 elementor-widget elementor-widget-text-editor\" data-id=\"eba15c4\" data-element_type=\"widget\" data-e-type=\"widget\" data-widget_type=\"text-editor.default\">\n\t\t\t\t<div class=\"elementor-widget-container\">\n\t\t\t\t\t\t\t\t\t<p>HUR DET FUNGERAR<\/p>\t\t\t\t\t\t\t\t<\/div>\n\t\t\t\t<\/div>\n\t\t\t\t<div class=\"elementor-element elementor-element-db9ab84 elementor-widget__width-inherit elementor-widget elementor-widget-heading\" data-id=\"db9ab84\" data-element_type=\"widget\" data-e-type=\"widget\" data-widget_type=\"heading.default\">\n\t\t\t\t<div class=\"elementor-widget-container\">\n\t\t\t\t\t<h1 class=\"elementor-heading-title elementor-size-default\">En trygg plats d\u00e4r alla, oavsett f\u00f6rm\u00e5ga, kan g\u00f6ra sin r\u00f6st h\u00f6rd<\/h1>\t\t\t\t<\/div>\n\t\t\t\t<\/div>\n\t\t\t\t\t<\/div>\n\t\t\t\t<\/div>\n\t\t\t\t<\/div>\n\t\t<div class=\"elementor-element elementor-element-dbca7ed e-con-full e-flex e-con e-parent\" data-id=\"dbca7ed\" data-element_type=\"container\" data-e-type=\"container\">\n\t\t<div class=\"elementor-element elementor-element-9f58032 e-con-full e-flex e-con e-child\" data-id=\"9f58032\" data-element_type=\"container\" data-e-type=\"container\">\n\t\t\t\t<div class=\"elementor-element elementor-element-5dd03d8 elementor-widget__width-initial elementor-widget elementor-widget-text-editor\" data-id=\"5dd03d8\" data-element_type=\"widget\" data-e-type=\"widget\" data-widget_type=\"text-editor.default\">\n\t\t\t\t<div class=\"elementor-widget-container\">\n\t\t\t\t\t\t\t\t\t<p>PictureMyLife \u00e4r flexibelt och kan anv\u00e4ndas oavsett:<\/p><ul><li>\u00c5lder<\/li><li>Kommunikationsniv\u00e5<\/li><li>Kognitiva f\u00f6ruts\u00e4ttningar<\/li><li>Behov av struktur och visuellt st\u00f6d<\/li><\/ul><p>Genom att samla h\u00e4ndelser, upplevelser och reflektioner i en digital dagbok<br \/>skapas en gemensam f\u00f6rst\u00e5else<br \/>mellan individen, familjen,<br \/>och omsorgsverksamheten.<\/p><p>Det blir l\u00e4ttare att prata med varandra<br \/>\u2013 inte om varandra.<\/p>\t\t\t\t\t\t\t\t<\/div>\n\t\t\t\t<\/div>\n\t\t\t\t<\/div>\n\t\t<div class=\"elementor-element elementor-element-72407d7 e-con-full e-flex e-con e-child\" data-id=\"72407d7\" data-element_type=\"container\" data-e-type=\"container\" data-settings=\"{&quot;background_background&quot;:&quot;classic&quot;}\">\n\t\t\t\t<\/div>\n\t\t\t\t<\/div>\n\t\t<div class=\"elementor-element elementor-element-348ef19 e-con-full e-flex e-con e-parent\" data-id=\"348ef19\" data-element_type=\"container\" data-e-type=\"container\" data-settings=\"{&quot;background_background&quot;:&quot;classic&quot;}\">\n\t\t<div class=\"elementor-element elementor-element-ccd2fde e-flex e-con-boxed e-con e-child\" data-id=\"ccd2fde\" data-element_type=\"container\" data-e-type=\"container\">\n\t\t\t\t\t<div class=\"e-con-inner\">\n\t\t\t\t<div class=\"elementor-element elementor-element-0918710 elementor-widget__width-inherit elementor-widget elementor-widget-heading\" data-id=\"0918710\" data-element_type=\"widget\" data-e-type=\"widget\" data-widget_type=\"heading.default\">\n\t\t\t\t<div class=\"elementor-widget-container\">\n\t\t\t\t\t<h2 class=\"elementor-heading-title elementor-size-default\">S\u00e5 h\u00e4r kan PictureMyLife anv\u00e4ndas\n<\/h2>\t\t\t\t<\/div>\n\t\t\t\t<\/div>\n\t\t\t\t<div class=\"elementor-element elementor-element-cc33db1 elementor-widget__width-initial elementor-widget elementor-widget-text-editor\" data-id=\"cc33db1\" data-element_type=\"widget\" data-e-type=\"widget\" data-widget_type=\"text-editor.default\">\n\t\t\t\t<div class=\"elementor-widget-container\">\n\t\t\t\t\t\t\t\t\t<p>Bilder, symboler, ljud och emojis illustrerar en dag med PictureMyLife. Aktiviteter dokumenteras genom foton, korta filmer eller ljudinspelningar, kompletterat med text som kan l\u00e4sas upp eller \u00f6vers\u00e4ttas f\u00f6r att g\u00f6ra inneh\u00e5llet \u00e4nnu tydligare.<br>Familjemedlemmar eller personal kan skriva en kort sammanfattning i dagboken, kommentera och f\u00f6lja upp vad som varit viktigt. Allt samlas p\u00e5 ett st\u00e4lle, vilket g\u00f6r det l\u00e4ttare att komma ih\u00e5g, minnas, prata om och bygga upp en gemensam f\u00f6rst\u00e5else kring dagens h\u00e4ndelser.<\/p>\t\t\t\t\t\t\t\t<\/div>\n\t\t\t\t<\/div>\n\t\t\t\t\t<\/div>\n\t\t\t\t<\/div>\n\t\t\t\t<\/div>\n\t\t<div class=\"elementor-element elementor-element-29134bc e-con-full e-flex e-con e-parent\" data-id=\"29134bc\" data-element_type=\"container\" data-e-type=\"container\">\n\t\t<div class=\"elementor-element elementor-element-390732c e-con-full e-flex e-con e-child\" data-id=\"390732c\" data-element_type=\"container\" data-e-type=\"container\" data-settings=\"{&quot;background_background&quot;:&quot;classic&quot;}\">\n\t\t\t\t<\/div>\n\t\t<div class=\"elementor-element elementor-element-94848ef e-con-full e-flex e-con e-child\" data-id=\"94848ef\" data-element_type=\"container\" data-e-type=\"container\">\n\t\t\t\t<div class=\"elementor-element elementor-element-574c69f elementor-widget__width-initial elementor-widget-tablet__width-inherit elementor-widget elementor-widget-heading\" data-id=\"574c69f\" data-element_type=\"widget\" data-e-type=\"widget\" data-widget_type=\"heading.default\">\n\t\t\t\t<div class=\"elementor-widget-container\">\n\t\t\t\t\t<h3 class=\"elementor-heading-title elementor-size-default\">S\u00e5 h\u00e4r kommer du ig\u00e5ng\n<\/h3>\t\t\t\t<\/div>\n\t\t\t\t<\/div>\n\t\t\t\t<div class=\"elementor-element elementor-element-6904ba3 elementor-widget__width-initial elementor-widget elementor-widget-text-editor\" data-id=\"6904ba3\" data-element_type=\"widget\" data-e-type=\"widget\" data-widget_type=\"text-editor.default\">\n\t\t\t\t<div class=\"elementor-widget-container\">\n\t\t\t\t\t\t\t\t\t<p>Det \u00e4r enkelt att komma ig\u00e5ng med PictureMyLife. Dagboken skapas snabbt och fylls l\u00f6pande med inneh\u00e5ll fr\u00e5n vardagen. Bilder kan tas direkt i stunden eller laddas upp i efterhand, och kompletteras med text eller inspelat ljud f\u00f6r att f\u00f6rtydliga och f\u00f6rst\u00e4rka det som dokumenteras. Inbjudna personer kan ta del av inneh\u00e5llet <br \/>och \u00e4ven bidra eller kommentera.<\/p><p>Allt inneh\u00e5ll \u00e4r privat och endast tillg\u00e4ngligt f\u00f6r inbjudna personer. Anv\u00e4ndaren kan bjuda in upp till 30 personer som kan se och kommentera inneh\u00e5llet.<\/p>\t\t\t\t\t\t\t\t<\/div>\n\t\t\t\t<\/div>\n\t\t\t\t<div class=\"elementor-element elementor-element-378c492 elementor-widget__width-initial elementor-widget elementor-widget-heading\" data-id=\"378c492\" data-element_type=\"widget\" data-e-type=\"widget\" data-widget_type=\"heading.default\">\n\t\t\t\t<div class=\"elementor-widget-container\">\n\t\t\t\t\t<h3 class=\"elementor-heading-title elementor-size-default\">Prova PictureMyLife gratis i 30 dagar<\/h3>\t\t\t\t<\/div>\n\t\t\t\t<\/div>\n\t\t\t\t<div class=\"elementor-element elementor-element-6710ad8 elementor-widget__width-initial elementor-widget elementor-widget-text-editor\" data-id=\"6710ad8\" data-element_type=\"widget\" data-e-type=\"widget\" data-widget_type=\"text-editor.default\">\n\t\t\t\t<div class=\"elementor-widget-container\">\n\t\t\t\t\t\t\t\t\t<p>PictureMyLife kan testas kostnadsfritt under en begr\u00e4nsad period f\u00f6r att se hur tj\u00e4nsten kan passa i just er vardag. D\u00e4refter v\u00e4ljer man om man vill forts\u00e4tta med en prenumeration.<\/p>\t\t\t\t\t\t\t\t<\/div>\n\t\t\t\t<\/div>\n\t\t\t\t<div class=\"elementor-element elementor-element-53e1bd7 elementor-align-left elementor-widget elementor-widget-button\" data-id=\"53e1bd7\" data-element_type=\"widget\" data-e-type=\"widget\" data-widget_type=\"button.default\">\n\t\t\t\t<div class=\"elementor-widget-container\">\n\t\t\t\t\t\t\t\t\t<div class=\"elementor-button-wrapper\">\n\t\t\t\t\t<a class=\"elementor-button elementor-button-link elementor-size-sm\" href=\"https:\/\/picturemylife.com\/sv\/contact\/\">\n\t\t\t\t\t\t<span class=\"elementor-button-content-wrapper\">\n\t\t\t\t\t\t\t\t\t<span class=\"elementor-button-text\">BOKA EN DEMO<\/span>\n\t\t\t\t\t<\/span>\n\t\t\t\t\t<\/a>\n\t\t\t\t<\/div>\n\t\t\t\t\t\t\t\t<\/div>\n\t\t\t\t<\/div>\n\t\t\t\t<\/div>\n\t\t\t\t<\/div>\n\t\t<div class=\"elementor-element elementor-element-bbb18ed e-con-full e-flex e-con e-parent\" data-id=\"bbb18ed\" data-element_type=\"container\" data-e-type=\"container\">\n\t\t<div class=\"elementor-element elementor-element-4269fc1 e-con-full e-flex e-con e-child\" data-id=\"4269fc1\" data-element_type=\"container\" data-e-type=\"container\">\n\t\t\t\t<div class=\"elementor-element elementor-element-7589371 elementor-widget elementor-widget-image\" data-id=\"7589371\" data-element_type=\"widget\" data-e-type=\"widget\" data-widget_type=\"image.default\">\n\t\t\t\t<div class=\"elementor-widget-container\">\n\t\t\t\t\t\t\t\t\t\t\t\t\t\t\t<img alt=\"\" fetchpriority=\"high\" decoding=\"async\" width=\"1080\" height=\"2340\" src=\"https:\/\/picturemylife.com\/wp-content\/uploads\/2026\/03\/PictureMyLife-screen1.jpg\" class=\"attachment-full size-full wp-image-13044\" srcset=\"https:\/\/picturemylife.com\/wp-content\/uploads\/2026\/03\/PictureMyLife-screen1.jpg 1080w, https:\/\/picturemylife.com\/wp-content\/uploads\/2026\/03\/PictureMyLife-screen1-138x300.jpg 138w, https:\/\/picturemylife.com\/wp-content\/uploads\/2026\/03\/PictureMyLife-screen1-473x1024.jpg 473w, https:\/\/picturemylife.com\/wp-content\/uploads\/2026\/03\/PictureMyLife-screen1-768x1664.jpg 768w, https:\/\/picturemylife.com\/wp-content\/uploads\/2026\/03\/PictureMyLife-screen1-709x1536.jpg 709w, https:\/\/picturemylife.com\/wp-content\/uploads\/2026\/03\/PictureMyLife-screen1-945x2048.jpg 945w, https:\/\/picturemylife.com\/wp-content\/uploads\/2026\/03\/PictureMyLife-screen1-6x12.jpg 6w\" sizes=\"(max-width: 1080px) 100vw, 1080px\" \/>\t\t\t\t\t\t\t\t\t\t\t\t\t\t\t<\/div>\n\t\t\t\t<\/div>\n\t\t\t\t<div class=\"elementor-element elementor-element-5300537 elementor-widget__width-initial elementor-widget elementor-widget-heading\" data-id=\"5300537\" data-element_type=\"widget\" data-e-type=\"widget\" data-widget_type=\"heading.default\">\n\t\t\t\t<div class=\"elementor-widget-container\">\n\t\t\t\t\t<h2 class=\"elementor-heading-title elementor-size-default\">Skapar struktur och delaktighet<\/h2>\t\t\t\t<\/div>\n\t\t\t\t<\/div>\n\t\t\t\t<div class=\"elementor-element elementor-element-ab0ae5d elementor-widget__width-initial elementor-widget elementor-widget-text-editor\" data-id=\"ab0ae5d\" data-element_type=\"widget\" data-e-type=\"widget\" data-widget_type=\"text-editor.default\">\n\t\t\t\t<div class=\"elementor-widget-container\">\n\t\t\t\t\t\t\t\t\t<p>Kalendern med veckans dagar ger en tydlig \u00f6verblick \u00f6ver b\u00e5de det som har h\u00e4nt och det som ska h\u00e4nda. Det hj\u00e4lper Huvudpersonen att f\u00f6rst\u00e5 sin vardag, minnas aktiviteter och k\u00e4nna \u00f6kad delaktighet i sitt eget liv.<\/p>\t\t\t\t\t\t\t\t<\/div>\n\t\t\t\t<\/div>\n\t\t\t\t<\/div>\n\t\t<div class=\"elementor-element elementor-element-6a40c69 e-con-full e-flex e-con e-child\" data-id=\"6a40c69\" data-element_type=\"container\" data-e-type=\"container\">\n\t\t\t\t<div class=\"elementor-element elementor-element-fa53807 elementor-widget elementor-widget-image\" data-id=\"fa53807\" data-element_type=\"widget\" data-e-type=\"widget\" data-widget_type=\"image.default\">\n\t\t\t\t<div class=\"elementor-widget-container\">\n\t\t\t\t\t\t\t\t\t\t\t\t\t\t\t<img alt=\"\" decoding=\"async\" width=\"473\" height=\"1024\" src=\"https:\/\/picturemylife.com\/wp-content\/uploads\/2026\/03\/PictureMyLife-screen2-473x1024.jpg\" class=\"attachment-large size-large wp-image-13045\" srcset=\"https:\/\/picturemylife.com\/wp-content\/uploads\/2026\/03\/PictureMyLife-screen2-473x1024.jpg 473w, https:\/\/picturemylife.com\/wp-content\/uploads\/2026\/03\/PictureMyLife-screen2-138x300.jpg 138w, https:\/\/picturemylife.com\/wp-content\/uploads\/2026\/03\/PictureMyLife-screen2-768x1664.jpg 768w, https:\/\/picturemylife.com\/wp-content\/uploads\/2026\/03\/PictureMyLife-screen2-709x1536.jpg 709w, https:\/\/picturemylife.com\/wp-content\/uploads\/2026\/03\/PictureMyLife-screen2-945x2048.jpg 945w, https:\/\/picturemylife.com\/wp-content\/uploads\/2026\/03\/PictureMyLife-screen2-6x12.jpg 6w, https:\/\/picturemylife.com\/wp-content\/uploads\/2026\/03\/PictureMyLife-screen2.jpg 1080w\" sizes=\"(max-width: 473px) 100vw, 473px\" \/>\t\t\t\t\t\t\t\t\t\t\t\t\t\t\t<\/div>\n\t\t\t\t<\/div>\n\t\t\t\t<div class=\"elementor-element elementor-element-c53278e elementor-widget__width-initial elementor-widget elementor-widget-heading\" data-id=\"c53278e\" data-element_type=\"widget\" data-e-type=\"widget\" data-widget_type=\"heading.default\">\n\t\t\t\t<div class=\"elementor-widget-container\">\n\t\t\t\t\t<h2 class=\"elementor-heading-title elementor-size-default\">Kommunikation p\u00e5 ett s\u00e4tt\nsom \u00e4r begripligt<\/h2>\t\t\t\t<\/div>\n\t\t\t\t<\/div>\n\t\t\t\t<div class=\"elementor-element elementor-element-3c86e3c elementor-widget__width-initial elementor-widget elementor-widget-text-editor\" data-id=\"3c86e3c\" data-element_type=\"widget\" data-e-type=\"widget\" data-widget_type=\"text-editor.default\">\n\t\t\t\t<div class=\"elementor-widget-container\">\n\t\t\t\t\t\t\t\t\t<p>Inl\u00e4gg kan skapas med bilder, video, ljud och bildst\u00f6d som Widgit, Pictogram och svenskt teckenspr\u00e5k. Det g\u00f6r det m\u00f6jligt f\u00f6r Huvudpersonen att f\u00f6rst\u00e5, uttrycka sig och kommunicera p\u00e5 det s\u00e4tt som fungerar b\u00e4st utifr\u00e5n individuella behov och f\u00f6ruts\u00e4ttningar.<\/p>\t\t\t\t\t\t\t\t<\/div>\n\t\t\t\t<\/div>\n\t\t\t\t<\/div>\n\t\t<div class=\"elementor-element elementor-element-79bc39a e-con-full e-flex e-con e-child\" data-id=\"79bc39a\" data-element_type=\"container\" data-e-type=\"container\">\n\t\t\t\t<div class=\"elementor-element elementor-element-901e447 elementor-widget elementor-widget-image\" data-id=\"901e447\" data-element_type=\"widget\" data-e-type=\"widget\" data-widget_type=\"image.default\">\n\t\t\t\t<div class=\"elementor-widget-container\">\n\t\t\t\t\t\t\t\t\t\t\t\t\t\t\t<img alt=\"\" decoding=\"async\" width=\"473\" height=\"1024\" src=\"https:\/\/picturemylife.com\/wp-content\/uploads\/2026\/03\/PictureMyLife-screen3-473x1024.jpg\" class=\"attachment-large size-large wp-image-13046\" srcset=\"https:\/\/picturemylife.com\/wp-content\/uploads\/2026\/03\/PictureMyLife-screen3-473x1024.jpg 473w, https:\/\/picturemylife.com\/wp-content\/uploads\/2026\/03\/PictureMyLife-screen3-138x300.jpg 138w, https:\/\/picturemylife.com\/wp-content\/uploads\/2026\/03\/PictureMyLife-screen3-768x1664.jpg 768w, https:\/\/picturemylife.com\/wp-content\/uploads\/2026\/03\/PictureMyLife-screen3-709x1536.jpg 709w, https:\/\/picturemylife.com\/wp-content\/uploads\/2026\/03\/PictureMyLife-screen3-945x2048.jpg 945w, https:\/\/picturemylife.com\/wp-content\/uploads\/2026\/03\/PictureMyLife-screen3-6x12.jpg 6w, https:\/\/picturemylife.com\/wp-content\/uploads\/2026\/03\/PictureMyLife-screen3.jpg 1080w\" sizes=\"(max-width: 473px) 100vw, 473px\" \/>\t\t\t\t\t\t\t\t\t\t\t\t\t\t\t<\/div>\n\t\t\t\t<\/div>\n\t\t\t\t<div class=\"elementor-element elementor-element-e3fb672 elementor-widget__width-initial elementor-widget elementor-widget-heading\" data-id=\"e3fb672\" data-element_type=\"widget\" data-e-type=\"widget\" data-widget_type=\"heading.default\">\n\t\t\t\t<div class=\"elementor-widget-container\">\n\t\t\t\t\t<h2 class=\"elementor-heading-title elementor-size-default\">Trygg och s\u00e4ker kommunikation\n<\/h2>\t\t\t\t<\/div>\n\t\t\t\t<\/div>\n\t\t\t\t<div class=\"elementor-element elementor-element-908f1cf elementor-widget__width-initial elementor-widget elementor-widget-text-editor\" data-id=\"908f1cf\" data-element_type=\"widget\" data-e-type=\"widget\" data-widget_type=\"text-editor.default\">\n\t\t\t\t<div class=\"elementor-widget-container\">\n\t\t\t\t\t\t\t\t\t<p>Det \u00e4r tydligt vem som har tagit del av informationen, och alla inbjudna kan kommentera och bidra. Det skapar en \u00f6ppen och samlad dialog mellan Huvudpersonen, personal och anh\u00f6riga och g\u00f6r det enklare f\u00f6r fler att vara delaktiga p\u00e5 ett tryggt s\u00e4tt.<br \/>s\u00e4tt.<\/p>\t\t\t\t\t\t\t\t<\/div>\n\t\t\t\t<\/div>\n\t\t\t\t<\/div>\n\t\t\t\t<\/div>\n\t\t\t\t<\/div>","protected":false},"excerpt":{"rendered":"<p>HOW IT WORKS A safe space where everyone, regardless of ability, has a voice PictureMyLife is flexible and can be used regardless of: Age Communication level Cognitive abilities Need for structure and visual support By gathering events, experiences, and reflectionsin a digital diary, a shared understanding is createdbetween the individual, family members, school andcare services. [&hellip;]<\/p>\n","protected":false},"author":7,"featured_media":0,"parent":0,"menu_order":0,"comment_status":"closed","ping_status":"closed","template":"elementor_header_footer","meta":{"_seopress_robots_primary_cat":"","_seopress_titles_title":"","_seopress_titles_desc":"","_seopress_robots_index":"","footnotes":""},"class_list":["post-13039","page","type-page","status-publish","hentry"],"_links":{"self":[{"href":"https:\/\/picturemylife.com\/sv\/wp-json\/wp\/v2\/pages\/13039","targetHints":{"allow":["GET"]}}],"collection":[{"href":"https:\/\/picturemylife.com\/sv\/wp-json\/wp\/v2\/pages"}],"about":[{"href":"https:\/\/picturemylife.com\/sv\/wp-json\/wp\/v2\/types\/page"}],"author":[{"embeddable":true,"href":"https:\/\/picturemylife.com\/sv\/wp-json\/wp\/v2\/users\/7"}],"replies":[{"embeddable":true,"href":"https:\/\/picturemylife.com\/sv\/wp-json\/wp\/v2\/comments?post=13039"}],"version-history":[{"count":3,"href":"https:\/\/picturemylife.com\/sv\/wp-json\/wp\/v2\/pages\/13039\/revisions"}],"predecessor-version":[{"id":13447,"href":"https:\/\/picturemylife.com\/sv\/wp-json\/wp\/v2\/pages\/13039\/revisions\/13447"}],"wp:attachment":[{"href":"https:\/\/picturemylife.com\/sv\/wp-json\/wp\/v2\/media?parent=13039"}],"curies":[{"name":"wp","href":"https:\/\/api.w.org\/{rel}","templated":true}]}}