{"id":13105,"date":"2026-03-06T12:27:39","date_gmt":"2026-03-06T12:27:39","guid":{"rendered":"https:\/\/picturemylife.com\/?page_id=13105"},"modified":"2026-03-26T08:38:26","modified_gmt":"2026-03-26T08:38:26","slug":"den-forenande-lanken","status":"publish","type":"page","link":"https:\/\/picturemylife.com\/sv\/the-unifying-link\/","title":{"rendered":"En sammanh\u00e5llande l\u00e4nk"},"content":{"rendered":"<div data-elementor-type=\"wp-page\" data-elementor-id=\"13105\" class=\"elementor elementor-13105\" data-elementor-post-type=\"page\">\n\t\t\t\t<div class=\"elementor-element elementor-element-00662c4 e-con-full e-flex e-con e-parent\" data-id=\"00662c4\" data-element_type=\"container\" data-e-type=\"container\">\n\t\t<div class=\"elementor-element elementor-element-c1f9dcb e-flex e-con-boxed e-con e-child\" data-id=\"c1f9dcb\" data-element_type=\"container\" data-e-type=\"container\">\n\t\t\t\t\t<div class=\"e-con-inner\">\n\t\t\t\t<div class=\"elementor-element elementor-element-4f9ff8d elementor-widget elementor-widget-text-editor\" data-id=\"4f9ff8d\" data-element_type=\"widget\" data-e-type=\"widget\" data-widget_type=\"text-editor.default\">\n\t\t\t\t<div class=\"elementor-widget-container\">\n\t\t\t\t\t\t\t\t\t<p>EN SAMMANH\u00c5LLANDE L\u00c4NK<\/p>\t\t\t\t\t\t\t\t<\/div>\n\t\t\t\t<\/div>\n\t\t\t\t<div class=\"elementor-element elementor-element-ec75064 elementor-widget__width-inherit elementor-widget elementor-widget-heading\" data-id=\"ec75064\" data-element_type=\"widget\" data-e-type=\"widget\" data-widget_type=\"heading.default\">\n\t\t\t\t<div class=\"elementor-widget-container\">\n\t\t\t\t\t<h1 class=\"elementor-heading-title elementor-size-default\">En gemensam bild av vardagen<\/h1>\t\t\t\t<\/div>\n\t\t\t\t<\/div>\n\t\t\t\t<div class=\"elementor-element elementor-element-4709b92 elementor-widget__width-initial elementor-widget elementor-widget-text-editor\" data-id=\"4709b92\" data-element_type=\"widget\" data-e-type=\"widget\" data-widget_type=\"text-editor.default\">\n\t\t\t\t<div class=\"elementor-widget-container\">\n\t\t\t\t\t\t\t\t\t<p>Styrkan i PictureMyLife ligger i samspelet mellan individen, familjen och organisationen. Vardagslivet dokumenteras p\u00e5 en s\u00e4ker plattform med hj\u00e4lp av bilder, video, ljud och text, vilket g\u00f6r upplevelserna synliga, begripliga och delbara. En samsyn som st\u00e4rker relationer och skapar n\u00e4rhet.<\/p>\t\t\t\t\t\t\t\t<\/div>\n\t\t\t\t<\/div>\n\t\t\t\t\t<\/div>\n\t\t\t\t<\/div>\n\t\t\t\t<\/div>\n\t\t<div class=\"elementor-element elementor-element-40d830a e-con-full e-flex e-con e-parent\" data-id=\"40d830a\" data-element_type=\"container\" data-e-type=\"container\">\n\t\t<div class=\"elementor-element elementor-element-f5cdfc1 e-con-full e-flex e-con e-child\" data-id=\"f5cdfc1\" data-element_type=\"container\" data-e-type=\"container\">\n\t\t\t\t<div class=\"elementor-element elementor-element-d6ad1db elementor-widget__width-initial elementor-widget-tablet__width-inherit elementor-widget elementor-widget-heading\" data-id=\"d6ad1db\" data-element_type=\"widget\" data-e-type=\"widget\" data-widget_type=\"heading.default\">\n\t\t\t\t<div class=\"elementor-widget-container\">\n\t\t\t\t\t<h3 class=\"elementor-heading-title elementor-size-default\">Individen \/ Huvudpersonen<\/h3>\t\t\t\t<\/div>\n\t\t\t\t<\/div>\n\t\t\t\t<div class=\"elementor-element elementor-element-47f21a8 elementor-widget__width-initial elementor-widget elementor-widget-text-editor\" data-id=\"47f21a8\" data-element_type=\"widget\" data-e-type=\"widget\" data-widget_type=\"text-editor.default\">\n\t\t\t\t<div class=\"elementor-widget-container\">\n\t\t\t\t\t\t\t\t\t<p>PictureMyLife utg\u00e5r alltid fr\u00e5n den person som dagboken handlar om. Genom att dokumentera upplevelser och h\u00e4ndelser p\u00e5 ett s\u00e4tt som \u00e4r anpassat efter individens f\u00f6ruts\u00e4ttningar st\u00e4rks delaktighet och sj\u00e4lvbest\u00e4mmande. Bilder, inspelat tal, text och visuellt st\u00f6d g\u00f6r det m\u00f6jligt att uttrycka sig p\u00e5 fler s\u00e4tt \u00e4n bara genom traditionellt spr\u00e5k och minskar risken f\u00f6r missf\u00f6rst\u00e5nd.\u00a0<\/p><p>Dagboken blir ett st\u00f6d f\u00f6r minne, f\u00f6rst\u00e5else och identitet. Den ger utrymme att \u00e5terv\u00e4nda till det som har h\u00e4nt, f\u00f6rbereda det som ska komma och skapa sammanhang i vardagen.<\/p>\t\t\t\t\t\t\t\t<\/div>\n\t\t\t\t<\/div>\n\t\t\t\t<div class=\"elementor-element elementor-element-a6c56e5 elementor-align-left elementor-widget elementor-widget-button\" data-id=\"a6c56e5\" data-element_type=\"widget\" data-e-type=\"widget\" data-widget_type=\"button.default\">\n\t\t\t\t<div class=\"elementor-widget-container\">\n\t\t\t\t\t\t\t\t\t<div class=\"elementor-button-wrapper\">\n\t\t\t\t\t<a class=\"elementor-button elementor-button-link elementor-size-sm\" href=\"https:\/\/picturemylife.com\/sv\/the-individual\/\">\n\t\t\t\t\t\t<span class=\"elementor-button-content-wrapper\">\n\t\t\t\t\t\t\t\t\t<span class=\"elementor-button-text\">L\u00c4S MER OM DETTA<\/span>\n\t\t\t\t\t<\/span>\n\t\t\t\t\t<\/a>\n\t\t\t\t<\/div>\n\t\t\t\t\t\t\t\t<\/div>\n\t\t\t\t<\/div>\n\t\t\t\t<\/div>\n\t\t<div class=\"elementor-element elementor-element-0f700ac e-con-full e-flex e-con e-child\" data-id=\"0f700ac\" data-element_type=\"container\" data-e-type=\"container\" data-settings=\"{&quot;background_background&quot;:&quot;classic&quot;}\">\n\t\t\t\t<\/div>\n\t\t\t\t<\/div>\n\t\t<div class=\"elementor-element elementor-element-987c7ab e-con-full e-flex e-con e-parent\" data-id=\"987c7ab\" data-element_type=\"container\" data-e-type=\"container\" data-settings=\"{&quot;background_background&quot;:&quot;classic&quot;}\">\n\t\t<div class=\"elementor-element elementor-element-a90afe4 e-con-full e-flex e-con e-child\" data-id=\"a90afe4\" data-element_type=\"container\" data-e-type=\"container\" data-settings=\"{&quot;background_background&quot;:&quot;classic&quot;}\">\n\t\t\t\t<\/div>\n\t\t<div class=\"elementor-element elementor-element-873fb2e e-con-full e-flex e-con e-child\" data-id=\"873fb2e\" data-element_type=\"container\" data-e-type=\"container\">\n\t\t\t\t<div class=\"elementor-element elementor-element-88a7566 elementor-widget__width-initial elementor-widget-tablet__width-inherit elementor-widget elementor-widget-heading\" data-id=\"88a7566\" data-element_type=\"widget\" data-e-type=\"widget\" data-widget_type=\"heading.default\">\n\t\t\t\t<div class=\"elementor-widget-container\">\n\t\t\t\t\t<h3 class=\"elementor-heading-title elementor-size-default\">Familj och n\u00e4ra och k\u00e4ra<\/h3>\t\t\t\t<\/div>\n\t\t\t\t<\/div>\n\t\t\t\t<div class=\"elementor-element elementor-element-0e26102 elementor-widget__width-initial elementor-widget elementor-widget-text-editor\" data-id=\"0e26102\" data-element_type=\"widget\" data-e-type=\"widget\" data-widget_type=\"text-editor.default\">\n\t\t\t\t<div class=\"elementor-widget-container\">\n\t\t\t\t\t\t\t\t\t<p>F\u00f6r familj och n\u00e4rst\u00e5ende skapar PictureMyLife en naturlig inblick i vardagen. N\u00e4r upplevelser delas l\u00f6pande blir det l\u00e4ttare att f\u00f6rst\u00e5 hur dagarna ser ut och vad som \u00e4r viktigt just nu. Samtal kan ta avstamp i konkreta h\u00e4ndelser ist\u00e4llet f\u00f6r att bygga p\u00e5 gissningar eller fragment.&nbsp;<\/p>\n<p>Det st\u00e4rker relationer och skapar n\u00e4rhet, \u00e4ven n\u00e4r man inte befinner sig p\u00e5 samma plats.<\/p>\t\t\t\t\t\t\t\t<\/div>\n\t\t\t\t<\/div>\n\t\t\t\t<\/div>\n\t\t\t\t<\/div>\n\t\t<div class=\"elementor-element elementor-element-3c54c48 e-con-full e-flex e-con e-parent\" data-id=\"3c54c48\" data-element_type=\"container\" data-e-type=\"container\">\n\t\t<div class=\"elementor-element elementor-element-8b8c453 e-con-full e-flex e-con e-child\" data-id=\"8b8c453\" data-element_type=\"container\" data-e-type=\"container\">\n\t\t\t\t<div class=\"elementor-element elementor-element-2c2ac23 elementor-widget__width-initial elementor-widget-tablet__width-inherit elementor-widget elementor-widget-heading\" data-id=\"2c2ac23\" data-element_type=\"widget\" data-e-type=\"widget\" data-widget_type=\"heading.default\">\n\t\t\t\t<div class=\"elementor-widget-container\">\n\t\t\t\t\t<h3 class=\"elementor-heading-title elementor-size-default\">F\u00f6r skola och LSS-verksamhet<\/h3>\t\t\t\t<\/div>\n\t\t\t\t<\/div>\n\t\t\t\t<div class=\"elementor-element elementor-element-dfce557 elementor-widget__width-initial elementor-widget elementor-widget-text-editor\" data-id=\"dfce557\" data-element_type=\"widget\" data-e-type=\"widget\" data-widget_type=\"text-editor.default\">\n\t\t\t\t<div class=\"elementor-widget-container\">\n\t\t\t\t\t\t\t\t\t<p>I skola, v\u00e5rd och st\u00f6dverksamheter fungerar PictureMyLife som ett verktyg f\u00f6r struktur, kommunikation och samverkan. N\u00e4r aktiviteter dokumenteras visuellt skapas b\u00e4ttre f\u00f6ruts\u00e4ttningar f\u00f6r f\u00f6ruts\u00e4gbarhet och uppf\u00f6ljning. Samma inneh\u00e5ll kan delas med hemmet, vilket ger kontinuitet och en gemensam f\u00f6rst\u00e5else runt individen.\u00a0<\/p><p>Plattformen \u00e4r lika anv\u00e4ndbar f\u00f6r dem som i f\u00f6rsta hand kommunicerar via tal och text.<\/p>\t\t\t\t\t\t\t\t<\/div>\n\t\t\t\t<\/div>\n\t\t\t\t<\/div>\n\t\t<div class=\"elementor-element elementor-element-d95ffec e-con-full e-flex e-con e-child\" data-id=\"d95ffec\" data-element_type=\"container\" data-e-type=\"container\" data-settings=\"{&quot;background_background&quot;:&quot;classic&quot;}\">\n\t\t\t\t<\/div>\n\t\t\t\t<\/div>\n\t\t<div class=\"elementor-element elementor-element-cfd5052 e-con-full e-flex e-con e-parent\" data-id=\"cfd5052\" data-element_type=\"container\" data-e-type=\"container\">\n\t\t<div class=\"elementor-element elementor-element-fcf3561 e-con-full e-flex e-con e-child\" data-id=\"fcf3561\" data-element_type=\"container\" data-e-type=\"container\">\n\t\t\t\t<div class=\"elementor-element elementor-element-7dc97a6 elementor-align-left elementor-widget elementor-widget-button\" data-id=\"7dc97a6\" data-element_type=\"widget\" data-e-type=\"widget\" data-widget_type=\"button.default\">\n\t\t\t\t<div class=\"elementor-widget-container\">\n\t\t\t\t\t\t\t\t\t<div class=\"elementor-button-wrapper\">\n\t\t\t\t\t<a class=\"elementor-button elementor-button-link elementor-size-sm\" href=\"https:\/\/picturemylife.com\/sv\/at-school\/\">\n\t\t\t\t\t\t<span class=\"elementor-button-content-wrapper\">\n\t\t\t\t\t\t\t\t\t<span class=\"elementor-button-text\">F\u00d6R SKOLOR<\/span>\n\t\t\t\t\t<\/span>\n\t\t\t\t\t<\/a>\n\t\t\t\t<\/div>\n\t\t\t\t\t\t\t\t<\/div>\n\t\t\t\t<\/div>\n\t\t\t\t<div class=\"elementor-element elementor-element-321b0f3 elementor-align-left elementor-widget elementor-widget-button\" data-id=\"321b0f3\" data-element_type=\"widget\" data-e-type=\"widget\" data-widget_type=\"button.default\">\n\t\t\t\t<div class=\"elementor-widget-container\">\n\t\t\t\t\t\t\t\t\t<div class=\"elementor-button-wrapper\">\n\t\t\t\t\t<a class=\"elementor-button elementor-button-link elementor-size-sm\" href=\"https:\/\/picturemylife.com\/sv\/in-care\/\">\n\t\t\t\t\t\t<span class=\"elementor-button-content-wrapper\">\n\t\t\t\t\t\t\t\t\t<span class=\"elementor-button-text\">F\u00d6R LSS\/OMSORG<\/span>\n\t\t\t\t\t<\/span>\n\t\t\t\t\t<\/a>\n\t\t\t\t<\/div>\n\t\t\t\t\t\t\t\t<\/div>\n\t\t\t\t<\/div>\n\t\t\t\t<\/div>\n\t\t\t\t<\/div>\n\t\t\t\t<\/div>","protected":false},"excerpt":{"rendered":"<p>THE UNIFYING LINK A shared understanding of everyday life The strength of PictureMyLife lies in the interaction between the individual, the family, and the\u00a0organization. Everyday life is documented on a secure platform using images, video, audio, and text,\u00a0making experiences visible, understandable, and shareable. Shared understanding strengthens relationships and fosters closeness The individual PictureMyLife always focuses [&hellip;]<\/p>\n","protected":false},"author":7,"featured_media":0,"parent":0,"menu_order":0,"comment_status":"closed","ping_status":"closed","template":"elementor_header_footer","meta":{"_seopress_robots_primary_cat":"","_seopress_titles_title":"","_seopress_titles_desc":"","_seopress_robots_index":"","footnotes":""},"class_list":["post-13105","page","type-page","status-publish","hentry"],"_links":{"self":[{"href":"https:\/\/picturemylife.com\/sv\/wp-json\/wp\/v2\/pages\/13105","targetHints":{"allow":["GET"]}}],"collection":[{"href":"https:\/\/picturemylife.com\/sv\/wp-json\/wp\/v2\/pages"}],"about":[{"href":"https:\/\/picturemylife.com\/sv\/wp-json\/wp\/v2\/types\/page"}],"author":[{"embeddable":true,"href":"https:\/\/picturemylife.com\/sv\/wp-json\/wp\/v2\/users\/7"}],"replies":[{"embeddable":true,"href":"https:\/\/picturemylife.com\/sv\/wp-json\/wp\/v2\/comments?post=13105"}],"version-history":[{"count":3,"href":"https:\/\/picturemylife.com\/sv\/wp-json\/wp\/v2\/pages\/13105\/revisions"}],"predecessor-version":[{"id":13456,"href":"https:\/\/picturemylife.com\/sv\/wp-json\/wp\/v2\/pages\/13105\/revisions\/13456"}],"wp:attachment":[{"href":"https:\/\/picturemylife.com\/sv\/wp-json\/wp\/v2\/media?parent=13105"}],"curies":[{"name":"wp","href":"https:\/\/api.w.org\/{rel}","templated":true}]}}