{"id":13114,"date":"2026-03-06T12:33:32","date_gmt":"2026-03-06T12:33:32","guid":{"rendered":"https:\/\/picturemylife.com\/?page_id=13114"},"modified":"2026-03-26T08:38:12","modified_gmt":"2026-03-26T08:38:12","slug":"instruktioner-och-visuella-scheman","status":"publish","type":"page","link":"https:\/\/picturemylife.com\/sv\/instructions-and-visual-schedules\/","title":{"rendered":"Instructions and Visual Schedules"},"content":{"rendered":"<div data-elementor-type=\"wp-page\" data-elementor-id=\"13114\" class=\"elementor elementor-13114\" data-elementor-post-type=\"page\">\n\t\t\t\t<div class=\"elementor-element elementor-element-deb0310 e-con-full e-flex e-con e-parent\" data-id=\"deb0310\" data-element_type=\"container\" data-e-type=\"container\">\n\t\t<div class=\"elementor-element elementor-element-532fbd9 e-flex e-con-boxed e-con e-child\" data-id=\"532fbd9\" data-element_type=\"container\" data-e-type=\"container\">\n\t\t\t\t\t<div class=\"e-con-inner\">\n\t\t\t\t<div class=\"elementor-element elementor-element-e41ee8d elementor-widget elementor-widget-text-editor\" data-id=\"e41ee8d\" data-element_type=\"widget\" data-e-type=\"widget\" data-widget_type=\"text-editor.default\">\n\t\t\t\t<div class=\"elementor-widget-container\">\n\t\t\t\t\t\t\t\t\t<p>INSTRUKTIONER OCH VISUELLA SCHEMAN<\/p>\t\t\t\t\t\t\t\t<\/div>\n\t\t\t\t<\/div>\n\t\t\t\t<div class=\"elementor-element elementor-element-8d5ecc1 elementor-widget__width-initial elementor-widget elementor-widget-heading\" data-id=\"8d5ecc1\" data-element_type=\"widget\" data-e-type=\"widget\" data-widget_type=\"heading.default\">\n\t\t\t\t<div class=\"elementor-widget-container\">\n\t\t\t\t\t<h1 class=\"elementor-heading-title elementor-size-default\">Fr\u00e4mja sj\u00e4lvst\u00e4ndighet\noch sj\u00e4lvf\u00f6rtroende f\u00f6r den enskilde<\/h1>\t\t\t\t<\/div>\n\t\t\t\t<\/div>\n\t\t\t\t<div class=\"elementor-element elementor-element-3ddb16e elementor-widget__width-initial elementor-widget elementor-widget-text-editor\" data-id=\"3ddb16e\" data-element_type=\"widget\" data-e-type=\"widget\" data-widget_type=\"text-editor.default\">\n\t\t\t\t<div class=\"elementor-widget-container\">\n\t\t\t\t\t\t\t\t\tTydliga visuella instruktioner och scheman skapar struktur, minskar stress och \u00f6kar sj\u00e4lvst\u00e4ndigheten genom att hj\u00e4lpa individen att f\u00f6rst\u00e5 vad som ska g\u00f6ras och vad som ska h\u00e4nda h\u00e4rn\u00e4st - utan att vara beroende av personalens st\u00e4ndiga\nv\u00e4gledning.\t\t\t\t\t\t\t\t<\/div>\n\t\t\t\t<\/div>\n\t\t\t\t\t<\/div>\n\t\t\t\t<\/div>\n\t\t\t\t<\/div>\n\t\t<div class=\"elementor-element elementor-element-9dc543d e-con-full e-flex e-con e-parent\" data-id=\"9dc543d\" data-element_type=\"container\" data-e-type=\"container\">\n\t\t<div class=\"elementor-element elementor-element-3affb82 e-con-full e-flex e-con e-child\" data-id=\"3affb82\" data-element_type=\"container\" data-e-type=\"container\" data-settings=\"{&quot;background_background&quot;:&quot;classic&quot;}\">\n\t\t\t\t<\/div>\n\t\t<div class=\"elementor-element elementor-element-bb0acab e-con-full e-flex e-con e-child\" data-id=\"bb0acab\" data-element_type=\"container\" data-e-type=\"container\">\n\t\t\t\t<div class=\"elementor-element elementor-element-d15a026 elementor-widget__width-initial elementor-widget elementor-widget-text-editor\" data-id=\"d15a026\" data-element_type=\"widget\" data-e-type=\"widget\" data-widget_type=\"text-editor.default\">\n\t\t\t\t<div class=\"elementor-widget-container\">\n\t\t\t\t\t\t\t\t\t<p>Instruktioner med hj\u00e4lp av bilder, video, ljud och symboler g\u00f6r det m\u00f6jligt f\u00f6r individen att utf\u00f6ra uppgifter sj\u00e4lvst\u00e4ndigt, utan att anh\u00f6riga eller personal beh\u00f6ver v\u00e4gleda varje steg<\/p><p><b>Minskar beroendet av specifik personal<br \/><\/b>Arbetsuppgifter och rutiner dokumenteras visuellt, vilket g\u00f6r det l\u00e4ttare f\u00f6r vikarier och ny personal att arbeta p\u00e5 samma s\u00e4tt som ordinarie personal.<\/p><p><b>Ger trygghet och struktur i vardagen<br \/><\/b>Tydliga visuella steg minskar stress, missf\u00f6rst\u00e5nd och \u00e5ngest f\u00f6r individen.<\/p><p><b>Sparar tid<br \/><\/b>N\u00e4r instruktioner dokumenteras beh\u00f6ver personalen inte upprepa samma f\u00f6rklaringar varje dag, och den enskilde f\u00e5r konsekvent v\u00e4gledning och st\u00f6d - oavsett vem som \u00e4r i tj\u00e4nst.<\/p>\t\t\t\t\t\t\t\t<\/div>\n\t\t\t\t<\/div>\n\t\t\t\t<\/div>\n\t\t\t\t<\/div>\n\t\t<div class=\"elementor-element elementor-element-72247a7 e-con-full e-flex e-con e-parent\" data-id=\"72247a7\" data-element_type=\"container\" data-e-type=\"container\" data-settings=\"{&quot;background_background&quot;:&quot;classic&quot;}\">\n\t\t<div class=\"elementor-element elementor-element-3f699ef e-con-full e-flex e-con e-child\" data-id=\"3f699ef\" data-element_type=\"container\" data-e-type=\"container\" data-settings=\"{&quot;background_background&quot;:&quot;classic&quot;}\">\n\t\t\t\t<\/div>\n\t\t<div class=\"elementor-element elementor-element-1d2f4a5 e-con-full e-flex e-con e-child\" data-id=\"1d2f4a5\" data-element_type=\"container\" data-e-type=\"container\">\n\t\t\t\t<div class=\"elementor-element elementor-element-a85337e elementor-widget__width-initial elementor-widget-tablet__width-inherit elementor-widget elementor-widget-heading\" data-id=\"a85337e\" data-element_type=\"widget\" data-e-type=\"widget\" data-widget_type=\"heading.default\">\n\t\t\t\t<div class=\"elementor-widget-container\">\n\t\t\t\t\t<h3 class=\"elementor-heading-title elementor-size-default\">Struktur i vardagslivet\n- Vad h\u00e4nde ig\u00e5r, vad h\u00e4nder idag,\noch vad kommer i morgon?<\/h3>\t\t\t\t<\/div>\n\t\t\t\t<\/div>\n\t\t\t\t<div class=\"elementor-element elementor-element-2946e2b elementor-widget__width-initial elementor-widget elementor-widget-text-editor\" data-id=\"2946e2b\" data-element_type=\"widget\" data-e-type=\"widget\" data-widget_type=\"text-editor.default\">\n\t\t\t\t<div class=\"elementor-widget-container\">\n\t\t\t\t\t\t\t\t\t<p>PictureMyLife \u00e4r ett digitalt st\u00f6dverktyg f\u00f6r personer med t.ex. autism som beh\u00f6ver tydlighet, visuellt st\u00f6d och st\u00e4rkt kommunikation. Med hj\u00e4lp av bilder, pictogram, foton, text och ljud skapas struktur och f\u00f6ruts\u00e4gbarhet, vilket g\u00f6r vardagen mer begriplig och minskar stress.<\/p><p>Tydliga scheman och f\u00f6rberedelser inf\u00f6r aktiviteter hj\u00e4lper individen att f\u00f6rst\u00e5 vad som ska h\u00e4nda, samtidigt som verktyget ocks\u00e5 g\u00f6r det l\u00e4ttare att uttrycka tankar och k\u00e4nslor. PictureMyLife kan anv\u00e4ndas i hemmet, i skolan och i v\u00e5rdmilj\u00f6er och \u00e4r alltid anpassat efter individens behov f\u00f6r en tryggare, mer sj\u00e4lvst\u00e4ndig och meningsfull vardag.<\/p>\t\t\t\t\t\t\t\t<\/div>\n\t\t\t\t<\/div>\n\t\t\t\t<\/div>\n\t\t\t\t<\/div>\n\t\t<div class=\"elementor-element elementor-element-184cf67 e-con-full e-flex e-con e-parent\" data-id=\"184cf67\" data-element_type=\"container\" data-e-type=\"container\" data-settings=\"{&quot;background_background&quot;:&quot;classic&quot;}\">\n\t\t<div class=\"elementor-element elementor-element-e5d23b1 e-con-full e-flex e-con e-child\" data-id=\"e5d23b1\" data-element_type=\"container\" data-e-type=\"container\">\n\t\t\t\t<div class=\"elementor-element elementor-element-63da385 elementor-align-left elementor-widget elementor-widget-button\" data-id=\"63da385\" data-element_type=\"widget\" data-e-type=\"widget\" data-widget_type=\"button.default\">\n\t\t\t\t<div class=\"elementor-widget-container\">\n\t\t\t\t\t\t\t\t\t<div class=\"elementor-button-wrapper\">\n\t\t\t\t\t<a class=\"elementor-button elementor-button-link elementor-size-sm\" href=\"https:\/\/picturemylife.com\/sv\/at-school\/\">\n\t\t\t\t\t\t<span class=\"elementor-button-content-wrapper\">\n\t\t\t\t\t\t\t\t\t<span class=\"elementor-button-text\">F\u00d6R SKOLOR<\/span>\n\t\t\t\t\t<\/span>\n\t\t\t\t\t<\/a>\n\t\t\t\t<\/div>\n\t\t\t\t\t\t\t\t<\/div>\n\t\t\t\t<\/div>\n\t\t\t\t<div class=\"elementor-element elementor-element-08f9acf elementor-align-left elementor-widget elementor-widget-button\" data-id=\"08f9acf\" data-element_type=\"widget\" data-e-type=\"widget\" data-widget_type=\"button.default\">\n\t\t\t\t<div class=\"elementor-widget-container\">\n\t\t\t\t\t\t\t\t\t<div class=\"elementor-button-wrapper\">\n\t\t\t\t\t<a class=\"elementor-button elementor-button-link elementor-size-sm\" href=\"https:\/\/picturemylife.com\/sv\/in-care\/\">\n\t\t\t\t\t\t<span class=\"elementor-button-content-wrapper\">\n\t\t\t\t\t\t\t\t\t<span class=\"elementor-button-text\">F\u00d6R LSS\/OMSORG<\/span>\n\t\t\t\t\t<\/span>\n\t\t\t\t\t<\/a>\n\t\t\t\t<\/div>\n\t\t\t\t\t\t\t\t<\/div>\n\t\t\t\t<\/div>\n\t\t\t\t<\/div>\n\t\t\t\t<\/div>\n\t\t\t\t<\/div>","protected":false},"excerpt":{"rendered":"<p>INSTRUCTIONS AND VISUAL SCHEDULES Fostering independence and confidence for the individual Clear visual instructions and schedules create structure, reduce stress, and increase independence by helping individuals understand what to do and what will happen next \u2014 without relying on constant staff guidance. Instructions using images, video, audio, and symbols\u00a0enable the individual to complete tasks independently,\u00a0without [&hellip;]<\/p>\n","protected":false},"author":7,"featured_media":0,"parent":0,"menu_order":0,"comment_status":"closed","ping_status":"closed","template":"elementor_header_footer","meta":{"_seopress_robots_primary_cat":"","_seopress_titles_title":"","_seopress_titles_desc":"","_seopress_robots_index":"","footnotes":""},"class_list":["post-13114","page","type-page","status-publish","hentry"],"_links":{"self":[{"href":"https:\/\/picturemylife.com\/sv\/wp-json\/wp\/v2\/pages\/13114","targetHints":{"allow":["GET"]}}],"collection":[{"href":"https:\/\/picturemylife.com\/sv\/wp-json\/wp\/v2\/pages"}],"about":[{"href":"https:\/\/picturemylife.com\/sv\/wp-json\/wp\/v2\/types\/page"}],"author":[{"embeddable":true,"href":"https:\/\/picturemylife.com\/sv\/wp-json\/wp\/v2\/users\/7"}],"replies":[{"embeddable":true,"href":"https:\/\/picturemylife.com\/sv\/wp-json\/wp\/v2\/comments?post=13114"}],"version-history":[{"count":3,"href":"https:\/\/picturemylife.com\/sv\/wp-json\/wp\/v2\/pages\/13114\/revisions"}],"predecessor-version":[{"id":13453,"href":"https:\/\/picturemylife.com\/sv\/wp-json\/wp\/v2\/pages\/13114\/revisions\/13453"}],"wp:attachment":[{"href":"https:\/\/picturemylife.com\/sv\/wp-json\/wp\/v2\/media?parent=13114"}],"curies":[{"name":"wp","href":"https:\/\/api.w.org\/{rel}","templated":true}]}}