{"id":13122,"date":"2026-03-06T12:39:59","date_gmt":"2026-03-06T12:39:59","guid":{"rendered":"https:\/\/picturemylife.com\/?page_id=13122"},"modified":"2026-03-26T08:37:51","modified_gmt":"2026-03-26T08:37:51","slug":"stod-vid-autism","status":"publish","type":"page","link":"https:\/\/picturemylife.com\/sv\/autism-support\/","title":{"rendered":"St\u00f6d f\u00f6r autism"},"content":{"rendered":"<div data-elementor-type=\"wp-page\" data-elementor-id=\"13122\" class=\"elementor elementor-13122\" data-elementor-post-type=\"page\">\n\t\t\t\t<div class=\"elementor-element elementor-element-2b85831 e-con-full e-flex e-con e-parent\" data-id=\"2b85831\" data-element_type=\"container\" data-e-type=\"container\">\n\t\t<div class=\"elementor-element elementor-element-9bd5e29 e-flex e-con-boxed e-con e-child\" data-id=\"9bd5e29\" data-element_type=\"container\" data-e-type=\"container\">\n\t\t\t\t\t<div class=\"e-con-inner\">\n\t\t\t\t<div class=\"elementor-element elementor-element-7f01bb6 elementor-widget elementor-widget-text-editor\" data-id=\"7f01bb6\" data-element_type=\"widget\" data-e-type=\"widget\" data-widget_type=\"text-editor.default\">\n\t\t\t\t<div class=\"elementor-widget-container\">\n\t\t\t\t\t\t\t\t\t<p>ST\u00d6D OCH STRUKTUR F\u00d6R AUTISM<\/p>\t\t\t\t\t\t\t\t<\/div>\n\t\t\t\t<\/div>\n\t\t\t\t<div class=\"elementor-element elementor-element-524ddf1 elementor-widget__width-inherit elementor-widget elementor-widget-heading\" data-id=\"524ddf1\" data-element_type=\"widget\" data-e-type=\"widget\" data-widget_type=\"heading.default\">\n\t\t\t\t<div class=\"elementor-widget-container\">\n\t\t\t\t\t<h1 class=\"elementor-heading-title elementor-size-default\">F\u00f6ruts\u00e4gbarhet som minskar stress.\nSj\u00e4lvst\u00e4ndighet genom visuell struktur.<\/h1>\t\t\t\t<\/div>\n\t\t\t\t<\/div>\n\t\t\t\t<div class=\"elementor-element elementor-element-a58c9c8 elementor-widget__width-initial elementor-widget elementor-widget-text-editor\" data-id=\"a58c9c8\" data-element_type=\"widget\" data-e-type=\"widget\" data-widget_type=\"text-editor.default\">\n\t\t\t\t<div class=\"elementor-widget-container\">\n\t\t\t\t\t\t\t\t\t<p>PictureMyLife erbjuder digitala st\u00f6dverktyg som hj\u00e4lper personer med autism och andra kognitiva behov att skapa struktur, f\u00f6ruts\u00e4gbarhet och f\u00f6rb\u00e4ttrad kommunikation b\u00e5de hemma och i skolan.\u00a0<\/p><p>Med PictureMyLife kan familjer, v\u00e5rdgivare och st\u00f6dpersonal skapa visuella scheman och rutiner som g\u00f6r det dagliga livet l\u00e4ttare att f\u00f6rst\u00e5 och f\u00f6lja. Verktygen \u00e4r utformade f\u00f6r att st\u00f6dja vardagliga aktiviteter och \u00f6ka delaktigheten.<\/p>\t\t\t\t\t\t\t\t<\/div>\n\t\t\t\t<\/div>\n\t\t\t\t\t<\/div>\n\t\t\t\t<\/div>\n\t\t\t\t<\/div>\n\t\t<div class=\"elementor-element elementor-element-e88c579 e-con-full e-flex e-con e-parent\" data-id=\"e88c579\" data-element_type=\"container\" data-e-type=\"container\" data-settings=\"{&quot;background_background&quot;:&quot;classic&quot;}\">\n\t\t<div class=\"elementor-element elementor-element-3947399 e-con-full e-flex e-con e-child\" data-id=\"3947399\" data-element_type=\"container\" data-e-type=\"container\" data-settings=\"{&quot;background_background&quot;:&quot;classic&quot;}\">\n\t\t\t\t<\/div>\n\t\t<div class=\"elementor-element elementor-element-c9dfb8f e-con-full e-flex e-con e-child\" data-id=\"c9dfb8f\" data-element_type=\"container\" data-e-type=\"container\">\n\t\t\t\t<div class=\"elementor-element elementor-element-a59c0e9 elementor-widget__width-initial elementor-widget-tablet__width-inherit elementor-widget elementor-widget-heading\" data-id=\"a59c0e9\" data-element_type=\"widget\" data-e-type=\"widget\" data-widget_type=\"heading.default\">\n\t\t\t\t<div class=\"elementor-widget-container\">\n\t\t\t\t\t<h3 class=\"elementor-heading-title elementor-size-default\">Vardagligt st\u00f6d f\u00f6r autism<\/h3>\t\t\t\t<\/div>\n\t\t\t\t<\/div>\n\t\t\t\t<div class=\"elementor-element elementor-element-f1c92a4 elementor-widget__width-initial elementor-widget elementor-widget-text-editor\" data-id=\"f1c92a4\" data-element_type=\"widget\" data-e-type=\"widget\" data-widget_type=\"text-editor.default\">\n\t\t\t\t<div class=\"elementor-widget-container\">\n\t\t\t\t\t\t\t\t\t<p><b>Skapa rutiner och f\u00f6ruts\u00e4gbarhet:<\/b>\u00a0<span style=\"font-size: 1.1em;\">Anv\u00e4nd bilder och text f\u00f6r att g\u00f6ra <\/span><span style=\"font-size: 1.1em;\">dagliga aktiviteter och skapa en k\u00e4nsla av trygghet.\u00a0<\/span><\/p><p><b>\u00d6kad sj\u00e4lvst\u00e4ndighet:<\/b> Tydlig visuell struktur hj\u00e4lper individen<br \/>ta initiativ och bli mer sj\u00e4lvf\u00f6rs\u00f6rjande.<\/p><p>PictureMyLife tillhandah\u00e5ller visuellt och kognitivt st\u00f6djande verktyg som<br \/>g\u00f6r det l\u00e4ttare att f\u00f6rst\u00e5, f\u00f6lja och reflektera \u00f6ver dagliga h\u00e4ndelser, vilket skapar en mer f\u00f6ruts\u00e4gbar vardag.<\/p>\t\t\t\t\t\t\t\t<\/div>\n\t\t\t\t<\/div>\n\t\t\t\t<div class=\"elementor-element elementor-element-2d2c0c3 elementor-align-left elementor-widget elementor-widget-button\" data-id=\"2d2c0c3\" data-element_type=\"widget\" data-e-type=\"widget\" data-widget_type=\"button.default\">\n\t\t\t\t<div class=\"elementor-widget-container\">\n\t\t\t\t\t\t\t\t\t<div class=\"elementor-button-wrapper\">\n\t\t\t\t\t<a class=\"elementor-button elementor-button-link elementor-size-sm\" href=\"https:\/\/picturemylife.com\/sv\/contact\/\">\n\t\t\t\t\t\t<span class=\"elementor-button-content-wrapper\">\n\t\t\t\t\t\t\t\t\t<span class=\"elementor-button-text\">Beg\u00e4r en demo<\/span>\n\t\t\t\t\t<\/span>\n\t\t\t\t\t<\/a>\n\t\t\t\t<\/div>\n\t\t\t\t\t\t\t\t<\/div>\n\t\t\t\t<\/div>\n\t\t\t\t<\/div>\n\t\t\t\t<\/div>\n\t\t<div class=\"elementor-element elementor-element-18f0116 e-con-full e-flex e-con e-parent\" data-id=\"18f0116\" data-element_type=\"container\" data-e-type=\"container\">\n\t\t<div class=\"elementor-element elementor-element-ee76688 e-con-full e-flex e-con e-child\" data-id=\"ee76688\" data-element_type=\"container\" data-e-type=\"container\">\n\t\t\t\t<div class=\"elementor-element elementor-element-7340bd4 elementor-widget__width-initial elementor-widget-tablet__width-inherit elementor-widget elementor-widget-heading\" data-id=\"7340bd4\" data-element_type=\"widget\" data-e-type=\"widget\" data-widget_type=\"heading.default\">\n\t\t\t\t<div class=\"elementor-widget-container\">\n\t\t\t\t\t<h3 class=\"elementor-heading-title elementor-size-default\">Autismv\u00e4nligt st\u00f6d i skola och utbildning<\/h3>\t\t\t\t<\/div>\n\t\t\t\t<\/div>\n\t\t\t\t<div class=\"elementor-element elementor-element-c2f1898 elementor-widget__width-initial elementor-widget elementor-widget-text-editor\" data-id=\"c2f1898\" data-element_type=\"widget\" data-e-type=\"widget\" data-widget_type=\"text-editor.default\">\n\t\t\t\t<div class=\"elementor-widget-container\">\n\t\t\t\t\t\t\t\t\t<p>PictureMyLife \u00e4r en v\u00e4rdefull resurs f\u00f6r skolor som vill erbjuda individanpassat st\u00f6d till elever med autism. Det g\u00f6r det m\u00f6jligt f\u00f6r l\u00e4rare och st\u00f6dpersonal att skapa tillg\u00e4ngliga l\u00e4rmilj\u00f6er och skr\u00e4ddarsy rutiner f\u00f6r varje elev.\u00a0<\/p><p>Exempel p\u00e5 skolanv\u00e4ndning inkluderar:<\/p><ul><li>Strukturerade lektionsscheman med visuellt st\u00f6d.<\/li><li>Dokumentation av framsteg f\u00f6r att v\u00e4gleda p\u00e5g\u00e5ende individanpassat st\u00f6d.<\/li><li>Inkluderande l\u00e4rmilj\u00f6er som hj\u00e4lper eleverna att v\u00e4xa i sin egen takt.<\/li><\/ul><p>PictureMyLifes digitala funktioner st\u00f6der ocks\u00e5 sj\u00e4lvuttryck och kommunikation genom bilder, video och anpassad text, vilket hj\u00e4lper anv\u00e4ndarna att dela tankar och upplevelser p\u00e5 ett s\u00e4tt som passar dem b\u00e4st.\u00a0<\/p><p>B\u00f6rja anv\u00e4nda PictureMyLife f\u00f6r att skapa en strukturerad, s\u00e4ker och engagerande vardag f\u00f6r personer med autism - b\u00e5de hemma <br \/>och i utbildningsmilj\u00f6er<\/p>\t\t\t\t\t\t\t\t<\/div>\n\t\t\t\t<\/div>\n\t\t\t\t<div class=\"elementor-element elementor-element-e26fedc elementor-widget elementor-widget-image\" data-id=\"e26fedc\" data-element_type=\"widget\" data-e-type=\"widget\" data-widget_type=\"image.default\">\n\t\t\t\t<div class=\"elementor-widget-container\">\n\t\t\t\t\t\t\t\t\t\t\t\t\t\t\t<img alt=\"\" fetchpriority=\"high\" decoding=\"async\" width=\"1366\" height=\"768\" src=\"https:\/\/picturemylife.com\/wp-content\/uploads\/2026\/03\/PictureMyLife-Autism-1366x768-1.jpg\" class=\"attachment-full size-full wp-image-13196\" srcset=\"https:\/\/picturemylife.com\/wp-content\/uploads\/2026\/03\/PictureMyLife-Autism-1366x768-1.jpg 1366w, https:\/\/picturemylife.com\/wp-content\/uploads\/2026\/03\/PictureMyLife-Autism-1366x768-1-300x169.jpg 300w, https:\/\/picturemylife.com\/wp-content\/uploads\/2026\/03\/PictureMyLife-Autism-1366x768-1-1024x576.jpg 1024w, https:\/\/picturemylife.com\/wp-content\/uploads\/2026\/03\/PictureMyLife-Autism-1366x768-1-768x432.jpg 768w, https:\/\/picturemylife.com\/wp-content\/uploads\/2026\/03\/PictureMyLife-Autism-1366x768-1-18x10.jpg 18w\" sizes=\"(max-width: 1366px) 100vw, 1366px\" \/>\t\t\t\t\t\t\t\t\t\t\t\t\t\t\t<\/div>\n\t\t\t\t<\/div>\n\t\t\t\t<\/div>\n\t\t\t\t<\/div>\n\t\t\t\t<\/div>","protected":false},"excerpt":{"rendered":"<p>SUPPORT AND STRUCTURE FOR AUTISM Predictability that reduces stress. Independence through visual structure. PictureMyLife offers digital support tools that help individuals with autism and other cognitive needs build\u00a0structure, predictability, and improved communication both at home and in school.\u00a0 With PictureMyLife, families, caregivers, and support staff can create visual schedules and routines that\u00a0make daily life easier [&hellip;]<\/p>\n","protected":false},"author":7,"featured_media":0,"parent":0,"menu_order":0,"comment_status":"closed","ping_status":"closed","template":"elementor_header_footer","meta":{"_seopress_robots_primary_cat":"","_seopress_titles_title":"","_seopress_titles_desc":"","_seopress_robots_index":"","footnotes":""},"class_list":["post-13122","page","type-page","status-publish","hentry"],"_links":{"self":[{"href":"https:\/\/picturemylife.com\/sv\/wp-json\/wp\/v2\/pages\/13122","targetHints":{"allow":["GET"]}}],"collection":[{"href":"https:\/\/picturemylife.com\/sv\/wp-json\/wp\/v2\/pages"}],"about":[{"href":"https:\/\/picturemylife.com\/sv\/wp-json\/wp\/v2\/types\/page"}],"author":[{"embeddable":true,"href":"https:\/\/picturemylife.com\/sv\/wp-json\/wp\/v2\/users\/7"}],"replies":[{"embeddable":true,"href":"https:\/\/picturemylife.com\/sv\/wp-json\/wp\/v2\/comments?post=13122"}],"version-history":[{"count":3,"href":"https:\/\/picturemylife.com\/sv\/wp-json\/wp\/v2\/pages\/13122\/revisions"}],"predecessor-version":[{"id":13450,"href":"https:\/\/picturemylife.com\/sv\/wp-json\/wp\/v2\/pages\/13122\/revisions\/13450"}],"wp:attachment":[{"href":"https:\/\/picturemylife.com\/sv\/wp-json\/wp\/v2\/media?parent=13122"}],"curies":[{"name":"wp","href":"https:\/\/api.w.org\/{rel}","templated":true}]}}