{"id":13246,"date":"2026-03-10T09:05:43","date_gmt":"2026-03-10T09:05:43","guid":{"rendered":"https:\/\/picturemylife.com\/?page_id=13246"},"modified":"2026-03-10T09:27:32","modified_gmt":"2026-03-10T09:27:32","slug":"pub-avtal-privatpersoner","status":"publish","type":"page","link":"https:\/\/picturemylife.com\/sv\/pub-avtal-privatpersoner\/","title":{"rendered":"PUB-avtal, privatpersoner"},"content":{"rendered":"<div data-elementor-type=\"wp-page\" data-elementor-id=\"13246\" class=\"elementor elementor-13246\" data-elementor-post-type=\"page\">\n\t\t\t\t<div class=\"elementor-element elementor-element-996e400 e-con-full e-flex e-con e-parent\" data-id=\"996e400\" data-element_type=\"container\" data-e-type=\"container\">\n\t\t<div class=\"elementor-element elementor-element-f52b282 e-flex e-con-boxed e-con e-child\" data-id=\"f52b282\" data-element_type=\"container\" data-e-type=\"container\">\n\t\t\t\t\t<div class=\"e-con-inner\">\n\t\t\t\t<div class=\"elementor-element elementor-element-0d37fe6 elementor-widget elementor-widget-text-editor\" data-id=\"0d37fe6\" data-element_type=\"widget\" data-e-type=\"widget\" data-widget_type=\"text-editor.default\">\n\t\t\t\t<div class=\"elementor-widget-container\">\n\t\t\t\t\t\t\t\t\t<p data-start=\"0\" data-end=\"33\"><strong data-start=\"0\" data-end=\"33\">16 november 2023, version 1.0<\/strong><\/p>\t\t\t\t\t\t\t\t<\/div>\n\t\t\t\t<\/div>\n\t\t\t\t<div class=\"elementor-element elementor-element-2d10080 elementor-widget__width-inherit elementor-widget elementor-widget-heading\" data-id=\"2d10080\" data-element_type=\"widget\" data-e-type=\"widget\" data-widget_type=\"heading.default\">\n\t\t\t\t<div class=\"elementor-widget-container\">\n\t\t\t\t\t<h1 class=\"elementor-heading-title elementor-size-default\">Personuppgiftsbitr\u00e4desavtal (DPA), Privatpersoner\n<\/h1>\t\t\t\t<\/div>\n\t\t\t\t<\/div>\n\t\t\t\t<div class=\"elementor-element elementor-element-99ab14c elementor-widget__width-inherit elementor-widget elementor-widget-text-editor\" data-id=\"99ab14c\" data-element_type=\"widget\" data-e-type=\"widget\" data-widget_type=\"text-editor.default\">\n\t\t\t\t<div class=\"elementor-widget-container\">\n\t\t\t\t\t\t\t\t\t<p data-start=\"35\" data-end=\"145\"><strong data-start=\"35\" data-end=\"91\">Personuppgiftsbitr\u00e4desavtal (DPA), Privatpersoner<\/strong><br data-start=\"91\" data-end=\"94\" \/>Ang\u00e5ende avtalet f\u00f6r PictureMyLife-dagboken<\/p><p data-start=\"147\" data-end=\"200\">Fr\u00e5n <strong data-start=\"152\" data-end=\"199\">Allm\u00e4nna villkor, punkt 4.2<\/strong>:<\/p><p data-start=\"202\" data-end=\"359\">I den m\u00e5n PictureMyLife behandlar personuppgifter f\u00f6r prenumerantens r\u00e4kning har parterna ing\u00e5tt ett separat avtal om behandling av personuppgifter. <strong data-start=\"329\" data-end=\"358\">Avtal om databehandling<\/strong>.<\/p><p data-start=\"361\" data-end=\"589\">D\u00e4rut\u00f6ver \u00e4r den som publicerar inneh\u00e5ll i Dagboken ansvarig f\u00f6r vad denne publicerar. Detta inneb\u00e4r att denna person anses vara <strong data-start=\"504\" data-end=\"523\">personuppgiftsansvarig<\/strong> f\u00f6r den personuppgiftsbehandling som f\u00f6ljer av publiceringen.<\/p><p data-start=\"591\" data-end=\"629\"><strong data-start=\"591\" data-end=\"629\">Avs\u00e4ttningar f\u00f6r <a href=\"https:\/\/picturemylife.com\/sv\/integritetspolicy\/\">Integritetspolicy<\/a>.<\/strong><\/p><p data-start=\"631\" data-end=\"715\" data-is-last-node=\"\" data-is-only-node=\"\">H\u00e4r kan du f\u00e5 tillg\u00e5ng till <a href=\"https:\/\/picturemylife.com\/wp-content\/uploads\/2026\/03\/PUB-avtal_Privat_PictureMyLife_SKR_v2.1_PML_1.2.pdf\"><strong data-start=\"655\" data-end=\"714\">Personuppgiftsbitr\u00e4desavtal f\u00f6r privatpersoner (PDF)<\/strong><\/a>.<\/p>\t\t\t\t\t\t\t\t<\/div>\n\t\t\t\t<\/div>\n\t\t\t\t\t<\/div>\n\t\t\t\t<\/div>\n\t\t\t\t<\/div>\n\t\t\t\t<\/div>","protected":false},"excerpt":{"rendered":"<p>16 November 2023, Version 1.0 Data Processing Agreement (DPA), Private Individuals Data Processing Agreement (DPA), Private IndividualsRegarding the Agreement for the PictureMyLife Diary From General Terms and Conditions, paragraph 4.2: To the extent that PictureMyLife processes personal data on behalf of the Subscriber, the parties have entered into a separate Data Processing Agreement. In addition, [&hellip;]<\/p>\n","protected":false},"author":7,"featured_media":0,"parent":0,"menu_order":0,"comment_status":"closed","ping_status":"closed","template":"","meta":{"_seopress_robots_primary_cat":"","_seopress_titles_title":"","_seopress_titles_desc":"","_seopress_robots_index":"","footnotes":""},"class_list":["post-13246","page","type-page","status-publish","hentry"],"_links":{"self":[{"href":"https:\/\/picturemylife.com\/sv\/wp-json\/wp\/v2\/pages\/13246","targetHints":{"allow":["GET"]}}],"collection":[{"href":"https:\/\/picturemylife.com\/sv\/wp-json\/wp\/v2\/pages"}],"about":[{"href":"https:\/\/picturemylife.com\/sv\/wp-json\/wp\/v2\/types\/page"}],"author":[{"embeddable":true,"href":"https:\/\/picturemylife.com\/sv\/wp-json\/wp\/v2\/users\/7"}],"replies":[{"embeddable":true,"href":"https:\/\/picturemylife.com\/sv\/wp-json\/wp\/v2\/comments?post=13246"}],"version-history":[{"count":0,"href":"https:\/\/picturemylife.com\/sv\/wp-json\/wp\/v2\/pages\/13246\/revisions"}],"wp:attachment":[{"href":"https:\/\/picturemylife.com\/sv\/wp-json\/wp\/v2\/media?parent=13246"}],"curies":[{"name":"wp","href":"https:\/\/api.w.org\/{rel}","templated":true}]}}