{"id":13507,"date":"2026-04-03T08:57:52","date_gmt":"2026-04-03T08:57:52","guid":{"rendered":"https:\/\/picturemylife.com\/?page_id=13507"},"modified":"2026-04-03T08:58:39","modified_gmt":"2026-04-03T08:58:39","slug":"prenumerationsavtal","status":"publish","type":"page","link":"https:\/\/picturemylife.com\/sv\/prenumerationsavtal\/","title":{"rendered":"Prenumerationsavtal"},"content":{"rendered":"<div data-elementor-type=\"wp-page\" data-elementor-id=\"13507\" class=\"elementor elementor-13507\" data-elementor-post-type=\"page\">\n\t\t\t\t<div class=\"elementor-element elementor-element-923a68b e-con-full e-flex e-con e-parent\" data-id=\"923a68b\" data-element_type=\"container\" data-e-type=\"container\">\n\t\t<div class=\"elementor-element elementor-element-90984f7 e-flex e-con-boxed e-con e-child\" data-id=\"90984f7\" data-element_type=\"container\" data-e-type=\"container\">\n\t\t\t\t\t<div class=\"e-con-inner\">\n\t\t\t\t<div class=\"elementor-element elementor-element-f8dff40 elementor-widget elementor-widget-text-editor\" data-id=\"f8dff40\" data-element_type=\"widget\" data-e-type=\"widget\" data-widget_type=\"text-editor.default\">\n\t\t\t\t<div class=\"elementor-widget-container\">\n\t\t\t\t\t\t\t\t\t<p><strong>20 november 2023, version 1.1<\/strong><\/p>\t\t\t\t\t\t\t\t<\/div>\n\t\t\t\t<\/div>\n\t\t\t\t<div class=\"elementor-element elementor-element-b69b736 elementor-widget__width-inherit elementor-widget elementor-widget-heading\" data-id=\"b69b736\" data-element_type=\"widget\" data-e-type=\"widget\" data-widget_type=\"heading.default\">\n\t\t\t\t<div class=\"elementor-widget-container\">\n\t\t\t\t\t<h1 class=\"elementor-heading-title elementor-size-default\">Prenumerationsavtal<\/h1>\t\t\t\t<\/div>\n\t\t\t\t<\/div>\n\t\t\t\t<div class=\"elementor-element elementor-element-278c771 elementor-widget__width-inherit elementor-widget elementor-widget-text-editor\" data-id=\"278c771\" data-element_type=\"widget\" data-e-type=\"widget\" data-widget_type=\"text-editor.default\">\n\t\t\t\t<div class=\"elementor-widget-container\">\n\t\t\t\t\t\t\t\t\t<p>Avseende Avtal med PictureMyLife Dagboken f\u00f6r privatpersoner, m\u00e5nadsprenumeration<\/p><h2>V\u00e4lkommen!<\/h2><p>V\u00e4lkommen som kund till PictureMyLife Communication AB med org. nr 556982-7792 (\u201d<strong>PictureMyLife<\/strong>\u201d). Som kund (\u201d<strong>Prenumerant<\/strong>\u201d) ges ni h\u00e4r m\u00f6jlighet att ta del av Prenumerationsavtal och bilagor. Ni godk\u00e4nner detta Prenumerationsavtal och samtliga bilagor genom att underteckna detta avtal som best\u00e5r av:<\/p><p><strong>Prenumerationsavtalet<\/strong>\u00a0samt bilagorna:<\/p><ol><li><strong>Allm\u00e4nna villkor<\/strong>, avtalets detaljer\u00a0<a href=\"https:\/\/picturemylife.com\/sv\/se\/allmanna-villkor\/\">https:\/\/picturemylife.com\/se\/allmanna-villkor<\/a><\/li><li><strong>Anv\u00e4ndarvillkor<\/strong>, vad du som anv\u00e4ndare f\u00e5r och inte f\u00e5r g\u00f6ra\u00a0<a href=\"https:\/\/picturemylife.com\/sv\/se\/anvandarvillkor\/\">https:\/\/picturemylife.com\/se\/anvandarvillkor\/<\/a><\/li><li><strong>Integritetspolicy<\/strong>, hur vi hanterar personuppgifter\u00a0<a href=\"https:\/\/picturemylife.com\/sv\/se\/integritetspolicy\/\">https:\/\/picturemylife.com\/se\/integritetspolicy\/<\/a><\/li><li><strong>Pub-avtal<\/strong>, v\u00e5rt gemensamma \u00e5tagande att f\u00f6lja dataskyddsf\u00f6rordningen (GDPR)\u00a0<a href=\"https:\/\/picturemylife.com\/sv\/se\/pub-avtal\/\">https:\/\/picturemylife.com\/se\/pub-avtal<\/a><\/li><\/ol><p>Vid eventuell mots\u00e4ttning mellan dessa dokument ska Prenumerationsavtalet ges f\u00f6retr\u00e4de framf\u00f6r bilagorna, och bilagorna ska sinsemellan ha f\u00f6retr\u00e4de i angiven nummerordning. Vad som anges i PUB-avtalet ska dock i alla avseenden ha f\u00f6retr\u00e4de vad g\u00e4ller behandlingen av personuppgifter.<\/p><p>Dessa dokument uppdateras l\u00f6pande p\u00e5 webbplatsen f\u00f6r PictureMyLife och senast publicerad version \u00e4r giltig som bilaga f\u00f6r detta Prenumerationsavtal.<\/p><p>PictureMyLife informerar l\u00f6pande om f\u00f6r\u00e4ndringar i dessa dokument.<\/p><h2>Avtalets l\u00f6ptid<\/h2><p>Avtalets l\u00f6ptid \u00e4r 1 m\u00e5nad och f\u00f6rnyas automatiskt.<\/p><h2>Betalning<\/h2><p>Avgiften betalas m\u00e5nadsvis i f\u00f6rskott. Alla priser \u00e4r inklusive moms.<\/p><p>Genomf\u00f6rd best\u00e4llning inneb\u00e4r att du f\u00f6rbinder dig till prenumerationen samt bekr\u00e4ftar att du har tagit del av och accepterar bilagorna Allm\u00e4nna villkor, Anv\u00e4ndarvillkor, Integritetspolicy samt PUB-avtal.<\/p><p>Vid registrering av kortuppgifter \u00e4r du ansvarig f\u00f6r att f\u00f6rse oss med korrekt kontaktinformation, som till exempel e-postadress, namn, adress och telefonnummer. Om vi inte lyckas debitera dig p\u00e5 grund av att ditt kort till exempel \u00e4r sp\u00e4rrat, giltighetstiden g\u00e5tt ut, eller att t\u00e4ckning f\u00f6r det avtalade beloppet saknas slutar dagboken att fungera.<\/p><p>Dagboken finns dock kvar och sparas i 90 dagar, s\u00e5 det \u00e4r gott om tid att uppdatera kortuppgifterna.<\/p><h2>Provperiod och \u00e5ngerr\u00e4tt<\/h2><p>PictureMyLife erbjuder en 30-dagars gratis provperiod f\u00f6r att anv\u00e4ndaren i lugn och ro ska kunna prova tj\u00e4nsten. \u00c5ngerr\u00e4tt till\u00e4mpas d\u00e4rf\u00f6r inte, men dagboken kan s\u00e4gas upp enligt nedan.<\/p><h2>Upps\u00e4gning av prenumeration<\/h2><p>Du kan s\u00e4ga upp din prenumeration n\u00e4r som helst genom att kontakta\u00a0<a href=\"mailto:support@picturemylife.se\">support@picturemylife.se<\/a>. N\u00e4r du betalar f\u00f6r en period binder du dig till den perioden. Vi g\u00f6r inga \u00e5terbetalningar f\u00f6r betalda perioder.<\/p><p><em>V\u00e4lkommen, \u00f6nskar vi p\u00e5 PictureMyLife!<\/em><\/p>\t\t\t\t\t\t\t\t<\/div>\n\t\t\t\t<\/div>\n\t\t\t\t\t<\/div>\n\t\t\t\t<\/div>\n\t\t\t\t<\/div>\n\t\t\t\t<\/div>","protected":false},"excerpt":{"rendered":"<p>20 november 2023, version 1.1 Prenumerationsavtal Avseende Avtal med PictureMyLife Dagboken f\u00f6r privatpersoner, m\u00e5nadsprenumeration V\u00e4lkommen! V\u00e4lkommen som kund till PictureMyLife Communication AB med org. nr 556982-7792 (\u201dPictureMyLife\u201d). Som kund (\u201dPrenumerant\u201d) ges ni h\u00e4r m\u00f6jlighet att ta del av Prenumerationsavtal och bilagor. Ni godk\u00e4nner detta Prenumerationsavtal och samtliga bilagor genom att underteckna detta avtal som best\u00e5r [&hellip;]<\/p>\n","protected":false},"author":7,"featured_media":0,"parent":0,"menu_order":0,"comment_status":"closed","ping_status":"closed","template":"","meta":{"_seopress_robots_primary_cat":"","_seopress_titles_title":"","_seopress_titles_desc":"","_seopress_robots_index":"","footnotes":""},"class_list":["post-13507","page","type-page","status-publish","hentry"],"_links":{"self":[{"href":"https:\/\/picturemylife.com\/sv\/wp-json\/wp\/v2\/pages\/13507","targetHints":{"allow":["GET"]}}],"collection":[{"href":"https:\/\/picturemylife.com\/sv\/wp-json\/wp\/v2\/pages"}],"about":[{"href":"https:\/\/picturemylife.com\/sv\/wp-json\/wp\/v2\/types\/page"}],"author":[{"embeddable":true,"href":"https:\/\/picturemylife.com\/sv\/wp-json\/wp\/v2\/users\/7"}],"replies":[{"embeddable":true,"href":"https:\/\/picturemylife.com\/sv\/wp-json\/wp\/v2\/comments?post=13507"}],"version-history":[{"count":4,"href":"https:\/\/picturemylife.com\/sv\/wp-json\/wp\/v2\/pages\/13507\/revisions"}],"predecessor-version":[{"id":13513,"href":"https:\/\/picturemylife.com\/sv\/wp-json\/wp\/v2\/pages\/13507\/revisions\/13513"}],"wp:attachment":[{"href":"https:\/\/picturemylife.com\/sv\/wp-json\/wp\/v2\/media?parent=13507"}],"curies":[{"name":"wp","href":"https:\/\/api.w.org\/{rel}","templated":true}]}}