{"id":22,"date":"2025-02-14T13:01:41","date_gmt":"2025-02-14T13:01:41","guid":{"rendered":"https:\/\/test.picturemylife.nl\/?page_id=22"},"modified":"2026-03-24T08:28:13","modified_gmt":"2026-03-24T08:28:13","slug":"villkor-och-bestammelser","status":"publish","type":"page","link":"https:\/\/picturemylife.com\/sv\/terms-and-conditions\/","title":{"rendered":"Allm\u00e4nna villkor"},"content":{"rendered":"<div data-elementor-type=\"wp-page\" data-elementor-id=\"22\" class=\"elementor elementor-22\" data-elementor-post-type=\"page\">\n\t\t\t\t<div class=\"elementor-element elementor-element-58f0f4d e-con-full e-flex e-con e-parent\" data-id=\"58f0f4d\" data-element_type=\"container\" data-e-type=\"container\">\n\t\t<div class=\"elementor-element elementor-element-193a821 e-flex e-con-boxed e-con e-child\" data-id=\"193a821\" data-element_type=\"container\" data-e-type=\"container\">\n\t\t\t\t\t<div class=\"e-con-inner\">\n\t\t\t\t<div class=\"elementor-element elementor-element-8bff3aa elementor-widget__width-inherit elementor-widget elementor-widget-heading\" data-id=\"8bff3aa\" data-element_type=\"widget\" data-e-type=\"widget\" data-widget_type=\"heading.default\">\n\t\t\t\t<div class=\"elementor-widget-container\">\n\t\t\t\t\t<h1 class=\"elementor-heading-title elementor-size-default\">Allm\u00e4nna villkor\n<\/h1>\t\t\t\t<\/div>\n\t\t\t\t<\/div>\n\t\t\t\t<div class=\"elementor-element elementor-element-59fdfa3 elementor-widget__width-inherit elementor-widget elementor-widget-text-editor\" data-id=\"59fdfa3\" data-element_type=\"widget\" data-e-type=\"widget\" data-widget_type=\"text-editor.default\">\n\t\t\t\t<div class=\"elementor-widget-container\">\n\t\t\t\t\t\t\t\t\t<p><strong>22 december 2023, version 1.01<\/strong><\/p><p><strong>Allm\u00e4nna villkor<\/strong><\/p><p><strong>Avseende Avtal f\u00f6r PictureMyLife Dagboken<\/strong><\/p><h3>De h\u00e4r begreppen anv\u00e4nder vi i PictureMyLife<\/h3><p><strong>Dagbok.<\/strong> Webb-appen levereras som en tj\u00e4nst av PictureMyLife, vilket \u00e4r en digital, multimodal kontaktbok. I Dagboken kan man publicera inl\u00e4gg, kommentera, skapa instruktioner och p\u00e5 andra s\u00e4tt fr\u00e4mja kommunikation, med syfte att st\u00f6dja Huvudpersonen. Dagboken \u00e4r den tekniska l\u00f6sningen som ger m\u00f6jlighet till exempelvis kommunikation mellan Inbjudna.<\/p><p><strong>Huvudpersonen<\/strong> Den person som Dagbok\/Tj\u00e4nster skapas f\u00f6r. K\u00e4rt barn har m\u00e5nga namn \u2013 brukare, klient, deltagare, elev \u00e4r andra vanliga namn. Vi anv\u00e4nder Huvudperson f\u00f6r att betona hur viktig personen \u00e4r.<\/p><p><strong>Formell \u00e4gare.<\/strong> En Huvudperson som \u00e4r myndig \u00e4r ocks\u00e5 Formell \u00e4gare av inneh\u00e5llet i Dagboken. Om Huvudperson \u00e4r omyndig, \u00e4r v\u00e5rdnadshavare eller god man eller f\u00f6rvaltare Formell \u00e4gare av inneh\u00e5llet i Dagboken. Den Formelle \u00e4garen beh\u00f6ver inte vara densamme som Prenumerant.<\/p><p><strong>Prenumerant.<\/strong> Den som betalar prenumerationen och som ocks\u00e5 \u00e4r att se som kund i dagligt tal. Kan vara en juridisk person som till exempel en skola eller organisation som driver boende, dagverksamhet, en f\u00f6r\u00e4lder, det kan ocks\u00e5 vara Huvudperson. Prenumerant som inte \u00e4r Formell \u00e4gare m\u00e5ste alltid inh\u00e4mta Formell \u00e4gares tillst\u00e5nd att starta en Dagbok.<\/p><p><strong>Administrat\u00f6r.<\/strong> Prenumerant blir ocks\u00e5 administrat\u00f6r av Dagboken. En Administrat\u00f6r har den mest kraftfulla rollen i Dagboken.<\/p><p><strong>Inbjudna.<\/strong> Personer som \u00e4r inbjudna att samverka i Dagboken. Till exempel personal, familj och anh\u00f6riga, v\u00e4nner.<\/p><h3>1. Inledande best\u00e4mmelser \u2013 allm\u00e4nt om Dagboken<\/h3><p>1.1\nPictureMyLife Communication AB, 556982-7792 (\u201dPictureMyLife\u201d, \u201dvi\u201d eller \u201doss\u201d) tillhandah\u00e5ller som en tj\u00e4nst via prenumeration en digital, multimodal kontaktbok (\u201dDagboken\u201d). PictureMyLife \u00e4r till f\u00f6r barn, unga och vuxna som h\u00e4r ben\u00e4mns \u201dHuvudpersonen\u201d med behov av kommunikativt st\u00f6d samt anh\u00f6riga och st\u00f6dpersoner som exempelvis vill kunna f\u00f6rb\u00e4ttra kommunikation sinsemellan i det dagliga livet.<\/p><p>1.2\nDagboken specificeras och avtalas i \u201dPrenumerationsavtal\u201d mellan PictureMyLife och Prenumerant.<\/p><p>1.3\nDessa Allm\u00e4nna villkor (\u201dAllm\u00e4nna villkor\u201d) reglerar omfattningen av och Prenumerantens tillg\u00e5ng till Dagboken. Allm\u00e4nna villkor ing\u00e5r som bilaga till \u201dPrenumerationsavtalet\u201d.<\/p><p>1.4\nEn anv\u00e4ndare blir tilldelad en roll i samband med inbjudan. Rollen avg\u00f6r vad man har r\u00e4tt att se och g\u00f6ra i Dagboken. I Dagboken ben\u00e4mns den roll som Prenumerant har som Administrat\u00f6r eller f\u00f6rkortat Admin, varmed avses f\u00f6retr\u00e4dare f\u00f6r Prenumerant (till exempel en l\u00e4rare eller pedagog) som kan vidta \u00e5tg\u00e4rder i syfte att ge Huvudpersonen och dennes v\u00e5rdnadshavare\/god man och andra tillg\u00e5ng till Dagboken genom inbjudan.<\/p><p>1.5\nBegrepp som anv\u00e4nds h\u00e4r men som inte \u00e4r definierade, har den betydelse de givits i Prenumerationsavtal eller Anv\u00e4ndarvillkor.<\/p><h3>2. Licens, nyttjander\u00e4tt och godk\u00e4nnande av allm\u00e4nna villkor<\/h3><p>2.1\nPictureMyLife uppl\u00e5ter h\u00e4rmed och Prenumerant erh\u00e5ller en icke exklusiv, icke \u00f6verl\u00e5tbar, tidsbegr\u00e4nsad r\u00e4tt att anv\u00e4nda Dagboken i enlighet med Avtalet. Licensen \u00e4r villkorad av att Avgiften \u00e4r r\u00e4tteligen erlagd. Prenumerant \u00e4ger inte r\u00e4tt att underlicensiera Dagboken till annan. Med varje prenumeration f\u00f6ljer en r\u00e4tt till 30 Inbjudna (till exempel anh\u00f6riga, st\u00f6dpersoner, l\u00e4rare) som Administrat\u00f6r kan bjuda in f\u00f6r att f\u00f6lja med och delta i Dagboken.<\/p><p>2.2\nGenom att underteckna Prenumerationsavtal och\/eller att skapa Dagboken godk\u00e4nner Prenumerant dessa Allm\u00e4nna villkor. Det inneb\u00e4r att PictureMyLife och Prenumerant ing\u00e5r ett avtal f\u00f6r vilket Allm\u00e4nna villkor g\u00e4ller.<\/p><p>2.3\nInbjudna godk\u00e4nner Allm\u00e4nna villkor, Anv\u00e4ndarvillkor och Integritetspolicy i samband med att man accepterar inbjudan till Dagboken. Om Inbjuden \u00e4r omyndig ska godk\u00e4nnande ske av v\u00e5rdnadshavare eller f\u00f6rmyndare.<\/p><p>2.4\nDen senaste versionen av Allm\u00e4nna villkor finns tillg\u00e4nglig p\u00e5: <a href=\"http:\/\/www.picturemylife.nl\" target=\"_new\" rel=\"noopener\">www.picturemylife.com\/se<\/a><\/p><h3>3. PictureMyLifes tillhandah\u00e5llande av Dagboken<\/h3><p>3.1\nPictureMyLife ska tillhandah\u00e5lla Dagboken p\u00e5 ett fackm\u00e4ssigt s\u00e4tt i \u00f6verensst\u00e4mmelse med Avtalet. Prenumerant ska, i samband med att Prenumerationsavtal, inklusive personuppgiftsbitr\u00e4desavtal, ing\u00e5s godk\u00e4nna Allm\u00e4nna villkor, Anv\u00e4ndarvillkor och Integritetspolicy f\u00f6r att kunna anv\u00e4nda Dagboken.<\/p><p>3.2\nPictureMyLife har r\u00e4tt att anlita underleverant\u00f6rer f\u00f6r att fullg\u00f6ra sina \u00e5taganden enligt Prenumerationsavtalet. PictureMyLife ansvarar i s\u00e5 fall f\u00f6r underleverant\u00f6rens arbete s\u00e5som f\u00f6r eget arbete.<\/p><p>3.3\nPictureMyLife anv\u00e4nder sig av tredjepartsteknologi f\u00f6r utveckling och drift av Dagboken, bl.a. utvecklingsverktyg, protokoll, Internet, kommunikation med mera. PictureMyLife ansvarar inte f\u00f6r funktionalitet hos tredjepartsteknologi.<\/p><p>3.4\nVid fel i Dagboken ska PictureMyLife avhj\u00e4lpa felet inom sk\u00e4lig tid med h\u00e4nsyn till felets komplexitet, karakt\u00e4r och betydelse f\u00f6r Prenumerant.<\/p><h3>4. Anv\u00e4ndning PictureMyLife<\/h3><p>4.1\nBest\u00e4mmelser f\u00f6r anv\u00e4ndning av PictureMyLife regleras i Anv\u00e4ndarvillkor, <a href=\"http:\/\/www.picturemylife.nl\" target=\"_new\" rel=\"noopener\">www.picturemylife.com\/se<\/a><\/p><p>4.2\nI den utstr\u00e4ckning PictureMyLife behandlar personuppgifter f\u00f6r Prenumerants r\u00e4kning har parterna ing\u00e5tt ett separat personuppgiftsbitr\u00e4desavtal.<\/p><p>D\u00e4rut\u00f6ver \u00e4r den som publicerar n\u00e5got i Dagboken ansvarig f\u00f6r det denne publicerar och att s\u00e5dan person d\u00e4rmed att betrakta som personuppgiftsansvarig f\u00f6r den personuppgiftsbehandling som publiceringen inneb\u00e4r.<\/p><p>Best\u00e4mmelser f\u00f6r Integritetspolicy, <a href=\"http:\/\/www.picturemylife.nl\" target=\"_new\" rel=\"noopener\">www.picturemylife.com\/se<\/a><\/p><h3>5. Avgift\/betalning<\/h3><p>5.1\nPrenumerant ska betala det pris (\u201dAvgiften\u201d) som f\u00f6ljer av Prenumerationsavtalet. Avgift erl\u00e4ggs i f\u00f6rskott mot faktura eller via kortbetalning p\u00e5 det s\u00e4tt och med det tidsintervall som framg\u00e5r av Prenumerationsavtalet. Prenumerant ska betala faktura inom 30 dagar fr\u00e5n fakturadatum enligt anvisningar p\u00e5 faktura. Ut\u00f6ver licensavgift kan Prenumerationsavtalet inneb\u00e4ra Avgifter f\u00f6r vissa tj\u00e4nster s\u00e5som utbildning och \u201ckom-ig\u00e5ng\u201d.<\/p><p>Prenumerant ska betala kortbetalningar enligt Nets villkor.<\/p><p>5.2\nOm tillg\u00e5ng till Dagboken tillhandah\u00e5lls i avtal mellan PictureMyLife och tredje part (skola, boende eller daglig verksamhet) betalar tredje part f\u00f6r prenumerationen (som d\u00e4rmed \u00e4r Prenumerant). D\u00e5 beh\u00f6ver Formell \u00e4gare inte betala. Om d\u00e4remot avtalet med s\u00e5dan tredje part upph\u00f6r kommer Formell \u00e4gare erbjudas m\u00f6jlighet att \u00f6verta avtalet och d\u00e4rmed ocks\u00e5 \u00f6verta betalningsansvaret f\u00f6r Dagboken. Det \u00e5ligger i s\u00e5dant fall Formell \u00e4gare att teckna Prenumerationsavtal och registrera betalningsinformation, s\u00e5som bankkortuppgift eller fakturauppgifter, f\u00f6r fortsatt tillg\u00e5ng till Dagboken.<\/p><p>5.3\nPictureMyLife \u00e4ger r\u00e4tt att en g\u00e5ng per \u00e5r justera Avgiften f\u00f6r Dagboken. PictureMyLife ska avisera pris\u00e4ndring avseende n\u00e4stkommande ett\u00e5rsperiod. Om Prenumerant meddelar PictureMyLife skriftligen senast 30 dagar efter avisering skett att det \u00e4ndrade priset inte accepteras (alternativt, f\u00f6r Prenumerant med m\u00e5nadsvis betalning i f\u00f6rskott; inte erl\u00e4gger betalning f\u00f6r n\u00e4stkommande m\u00e5nad) upph\u00f6r Prenumerationsavtalet att g\u00e4lla den sista dagen i innevarande prenumerationsperiod. Annars anses pris\u00e4ndringen accepterad.<\/p><p>5.4\n\u00c5rsavgift \u00e5terbetalas ej f\u00f6r det fall att Prenumerant avser att avsluta sin Prenumeration i f\u00f6rtid.<\/p><p>5.5\nVid sen betalning utg\u00e5r dr\u00f6jsm\u00e5lsr\u00e4nta enligt r\u00e4ntelagen. P\u00e5minnelse- och f\u00f6rekommande inkassoavgift kommer att debiteras Prenumerant.<\/p><h3>6. St\u00e4ngning av Dagboken<\/h3><p>PictureMyLife f\u00e5r st\u00e4nga eller begr\u00e4nsa Dagboken om:<\/p><ul><li>1. Prenumerant \u00e4r f\u00f6rsenad med betalning och trots p\u00e5minnelse att inom 30 dagar reglera f\u00f6rfallet belopp inte erl\u00e4gger betalning; eller<\/li><li>2. Prenumerant eller Inbjudna har brutit mot \u00e5tagande enligt Avtalet (innefattande Anv\u00e4ndarvillkoren) och inte vidtar r\u00e4ttelse inom 30 dagar efter att PictureMyLife skriftligen via e-post anmodat Prenumerant att vidta r\u00e4ttelse; eller<\/li><li>3. Prenumerant eller Inbjudna har brutit mot \u00e5tagande enligt Avtalet (innefattande Anv\u00e4ndarvillkoren) p\u00e5 ett s\u00e4tt som inte kan r\u00e4ttas utan att det skadar PictureMyLife eller Dagbokens anseende.<\/li><\/ul><div>\u00a0<\/div><h3>7. Sekretess<\/h3><p>7.1\nPart f\u00f6rbinder sig att inte f\u00f6r tredje man avsl\u00f6ja konfidentiell information som Part erh\u00e5ller genom anv\u00e4ndning eller tillhandah\u00e5llande av Dagboken. Med konfidentiell information avses all information som omfattas av Dagboken med undantag f\u00f6r:<\/p><ul><li>(a) upplysning, som \u00e4r allm\u00e4nt k\u00e4nd eller kommer till allm\u00e4n k\u00e4nnedom p\u00e5 annat s\u00e4tt \u00e4n genom brott fr\u00e5n parts sida mot inneh\u00e5llet i detta Avtal,<\/li><li>(b) upplysning, som part kan visa att han redan k\u00e4nde till innan han mottog den,<\/li><li>(c) upplysning, som part mottagit eller kommer att mottaga fr\u00e5n tredje part utan att vara bunden av sekretessplikt i f\u00f6rh\u00e5llande till denne, och<\/li><li>(d) upplysning, som part \u00e4r skyldig att utl\u00e4mna enligt lag, f\u00f6rordning, domstols beslut eller b\u00f6rsregler eller motsvarande.<\/li><\/ul><p>7.2\nMed \u201dtredje man\u201d i denna best\u00e4mmelse avses inte hel- eller del\u00e4gt dotterbolag till PictureMyLife eller PictureMyLifes samarbetspartners och underkonsulter.<\/p><p>7.3\nSekretess\u00e5tagandet ska forts\u00e4tta att g\u00e4lla under tre \u00e5rs tid efter det att Avtalet i \u00f6vrigt har upph\u00f6rt att g\u00e4lla.<\/p><h3>8. Immateriella r\u00e4ttigheter<\/h3><p>8.1\nPictureMyLifes tillhandah\u00e5llande av Dagboken till Prenumerant ska inte p\u00e5 n\u00e5got s\u00e4tt inneb\u00e4ra att upphovsr\u00e4tt eller andra immateriella r\u00e4ttigheter \u00f6verl\u00e5tits till Prenumerant. All \u00e4gande- och upphovsr\u00e4tt till Dagboken tillh\u00f6r PictureMyLife.<\/p><p>8.2\nPictureMyLife erh\u00e5ller inte n\u00e5gon \u00e4gande- eller upphovsr\u00e4tt till material som tillf\u00f6rs Dagboken av Inbjudna.<\/p><p>8.3\nPictureMyLife \u00e5tar sig att ers\u00e4tta Prenumerant f\u00f6r de ers\u00e4ttningar och skadest\u00e5nd som Prenumerant genom f\u00f6rlikning eller dom \u00e5l\u00e4ggs att erl\u00e4gga om Dagboken g\u00f6r intr\u00e5ng i immateriell r\u00e4ttighet g\u00e4llande i Sverige genom Prenumerants nyttjande av Dagboken i enlighet med detta Avtal.<\/p><p>Vid ett p\u00e5st\u00e5ende om intr\u00e5ng ska PictureMyLife p\u00e5 Prenumerantens beg\u00e4ran \u2013 om intr\u00e5ng slutligt befinns f\u00f6religga \u2013 p\u00e5 egen bekostnad och i eget val antingen (i) tillf\u00f6rs\u00e4kra Prenumeranten r\u00e4tten till fortsatt nyttjande av Dagboken eller (ii) byta ut omtvistad del av Dagboken mot del som inte g\u00f6r intr\u00e5ng eller (iii) s\u00e4ga upp avtalet och \u00e5terbetala Avgiften f\u00f6r den senaste 12-m\u00e5nadersperioden.<\/p><ul><li>bevilja Prenumeranten fortsatt r\u00e4tt att anv\u00e4nda Tidskriften<\/li><li>byta ut den komponent som g\u00f6r intr\u00e5ng<\/li><li>s\u00e4ga upp Avtalet och \u00e5terbetala de senaste 12 m\u00e5nadernas avgifter<\/li><\/ul><p>8.4\nP\u00e5 motsvarande s\u00e4tt \u00e4r Prenumerant skyldig att h\u00e5lla PictureMyLife skadesl\u00f6s om material som Prenumerant eller andra Inbjudna tillhandah\u00e5ller PictureMyLife orsakar intr\u00e5ng i tredje mans immaterialr\u00e4tt.<\/p><p>8.5\n\u00c5tagandena ovan f\u00f6ruts\u00e4tter att PictureMyLife respektive Prenumerant utan dr\u00f6jsm\u00e5l informeras om det p\u00e5st\u00e5dda intr\u00e5nget och ges m\u00f6jlighet att best\u00e4mma \u00f6ver hur f\u00f6rsvaret och eventuell f\u00f6rlikning ska hanteras.<\/p><p>8.6\nPictureMyLife ansvarar inte f\u00f6r intr\u00e5ng i annans r\u00e4tt som orsakats av att Prenumerant anv\u00e4nder Dagboken i strid med Avtalet eller av Prenumerants modifiering av Dagboken. Prenumerant ska h\u00e5lla PictureMyLife skadesl\u00f6st f\u00f6r alla kostnader, avgifter, skadest\u00e5nd, krav och andra utgifter som PictureMyLife orsakas av s\u00e5dan modifiering eller anv\u00e4ndning.<\/p><p>8.7\nAdministrat\u00f6r, Huvudperson och Inbjudna f\u00e5r g\u00e4rna ladda ned, visa upp eller skriva ut information fr\u00e5n Dagboken i den utstr\u00e4ckning det \u00e4r till\u00e5tet enligt till\u00e4mplig dataskyddslagstiftning. Denna information \u00e4r emellertid endast avsedd f\u00f6r eget personligt, icke-kommersiellt bruk. Denna r\u00e4tt utg\u00f6r inte n\u00e5gon \u00f6verf\u00f6ring av \u00e4gander\u00e4tt f\u00f6r Dagboken eller dess material.<\/p><p>8.8\nP\u00e5 alla kopior av Dagboken ska alla f\u00f6rekommande copyrightmeddelanden och andra meddelanden om \u00e4gander\u00e4tt l\u00e4mnas kvar of\u00f6r\u00e4ndrade.<\/p><h3>9. \u00c4ndringar i Allm\u00e4nna villkor<\/h3><p>9.1\nPictureMyLife \u00e4ger r\u00e4tt att l\u00f6pande g\u00f6ra \u00e4ndringar av Allm\u00e4nna villkor.<\/p><p>9.2\nDet \u00e5ligger PictureMyLife att meddela Prenumerant om s\u00e5dan \u00e4ndring innan denna \u00e4ndring tr\u00e4der i kraft.<\/p><p>9.3\nOm Prenumerant forts\u00e4tter att anv\u00e4nda Dagboken 30 dagar efter meddelande om att \u00e4ndring har gjorts i Allm\u00e4nna villkor inneb\u00e4r det att Prenumerant godk\u00e4nner de \u00e4ndrade Allm\u00e4nna villkoren.<\/p><p>9.4\nOm inte \u00e4ndringen godk\u00e4nns, kan tillg\u00e5ngen till Dagboken komma att begr\u00e4nsas eller upph\u00f6ra. Begr\u00e4nsning eller upph\u00f6rande av Dagboken p\u00e5 grund av denna punkt medf\u00f6r ingen \u00e5terbetalningsskyldighet avseende den Avgift som betalats av Prenumeranten.<\/p><h3>10. Skadest\u00e5nd<\/h3><p>10.1\nOm inte annat f\u00f6ljer av Avtalet har part r\u00e4tt till ers\u00e4ttning f\u00f6r direkt skada som den andra parten, eller n\u00e5gon f\u00f6r vilken den andra parten svarar, f\u00f6rorsakat genom v\u00e5rdsl\u00f6shet. Part har s\u00e5ledes inte r\u00e4tt till ers\u00e4ttning f\u00f6r indirekta skador, s\u00e5som utebliven handelsvinst, kostnader som blivit onyttiga eller andra f\u00f6ljdskador, om annat inte skriftligen har \u00f6verenskommits i varje enskilt fall.<\/p><p>10.2\nPictureMyLifes skadest\u00e5ndsansvar enligt denna best\u00e4mmelse \u00e4r begr\u00e4nsat till ett belopp motsvarande ett \u00e5rs Avgifter f\u00f6r den Prenumeration som skadest\u00e5nd avser.<\/p><p>10.3\nBegr\u00e4nsningarna av parts skadest\u00e5ndsskyldighet g\u00e4ller inte i fall av upps\u00e5t eller grov v\u00e5rdsl\u00f6shet, vid personskada eller vid s\u00e5dant ansvar som f\u00f6ljer av tvingande lag.<\/p><h3>11. Reklamation<\/h3><p>11.1\nBeg\u00e4ran om prisavdrag eller skadest\u00e5nd ska, f\u00f6r att kunna g\u00f6ras g\u00e4llande, framst\u00e4llas senast en m\u00e5nad efter det att omst\u00e4ndigheten till grund f\u00f6r beg\u00e4ran uppt\u00e4cktes eller bort uppt\u00e4ckas.<\/p><p>11.2\nReklamation ska alltid g\u00f6ras skriftligen.<\/p><h3>12. Force majeure<\/h3><p>Om PictureMyLife f\u00f6rhindras fullg\u00f6ra sina \u00e5taganden enligt Avtalet p\u00e5 grund av omst\u00e4ndighet som PictureMyLife inte kunnat r\u00e5da \u00f6ver (som blixtnedslag, arbetskonflikt, eldsv\u00e5da, elavbrott, avbrott i kommunikationer, naturkatastrof, \u00e4ndrad myndighetsbest\u00e4mmelse, pandemi eller motsvarande, myndighetsingripande samt fel eller f\u00f6rsening i tj\u00e4nster fr\u00e5n underleverant\u00f6r p\u00e5 grund av omst\u00e4ndigheter som h\u00e4r angivits), ska det medf\u00f6ra framflyttning av tidpunkt f\u00f6r prestationen och befrielse fr\u00e5n eventuella p\u00e5f\u00f6ljder.<\/p><h3>13. \u00d6verl\u00e5telse av Avtalet<\/h3><p>Part har r\u00e4tt att fritt \u00f6verl\u00e5ta sina r\u00e4ttigheter och skyldigheter enligt dessa Allm\u00e4nna villkor till tredje part liksom att anlita underleverant\u00f6r f\u00f6r fullg\u00f6randet av \u00e5taganden enligt dessa Allm\u00e4nna villkor.<\/p><h3>14. Upps\u00e4gning eller \u00f6verl\u00e5telse av Avtalet<\/h3><p>14.1\nPrenumerant kan n\u00e4r som helst s\u00e4ga upp Avtalet, dock med beaktande av punkt 5.4. PictureMyLife \u00e4ger r\u00e4tt att s\u00e4ga upp Avtalet med omedelbar verkan om Prenumerant beg\u00e5r ett v\u00e4sentligt avtalsbrott och inte vidtar r\u00e4ttelse inom 30 dagar fr\u00e5n anmodan d\u00e4rom. Om Prenumerant eller Inbjuden anv\u00e4nder Dagboken p\u00e5 ett s\u00e4tt som riskerar att orsaka badwill eller minska anseendet hos PictureMyLife ska detta alltid anses utg\u00f6ra ett v\u00e4sentligt avtalsbrott.<\/p><p>14.2\nN\u00e4r Prenumeration upph\u00f6r, upph\u00f6r samtliga anv\u00e4ndares tillg\u00e5ngen till Dagboken. F\u00f6r det fall en Prenumeration \u00f6vertas av n\u00e5gon annan, till exempel genom att Huvudpersonen, anh\u00f6rig eller annan \u00f6vertar Prenumerationen, \u00e5ligger det den \u00f6vertagande Administrat\u00f6ren att, i f\u00f6rekommande fall, tillse att Inbjudnas beh\u00f6righet till Dagboken uppdateras. Vid \u00f6verl\u00e5telse av Prenumeration kommer inte n\u00e5gra inl\u00e4gg i Dagboken, i den utstr\u00e4ckning PictureMyLife inte instrueras annorlunda, att raderas.<\/p><h3>15. Meddelanden<\/h3><p>Meddelanden som enligt Avtalet ska ske skriftligen ska s\u00e4ndas med e-post, bud eller rekommenderat brev, till den mottagande partens adress som den angetts i Avtalet eller meddelats i enlighet med denna best\u00e4mmelse.<\/p><p>Meddelandet ska anses komma mottagaren tillhanda, om avs\u00e4nt med e-post; f\u00f6rsta vardagen efter avs\u00e4ndandet, om avl\u00e4mnat med bud; vid \u00f6verl\u00e4mnandet till mottagaren, om avs\u00e4nt med rekommenderat brev; tre dagar efter avl\u00e4mnande f\u00f6r postbefordran.<\/p><ul><li>via e-post: n\u00e4sta arbetsdag efter att ha skickat<\/li><li>med kurir: vid leverans<\/li><li>med rekommenderat brev: tre dagar efter avs\u00e4ndandet<\/li><\/ul><div>\u00a0<\/div><h3>16. Support<\/h3><p>Support f\u00f6r Dagboken finns i f\u00f6rsta hand tillg\u00e4nglig via <a href=\"mailto:support@picturemylife.se\" rel=\"noopener\">support@picturemylife.se<\/a>. Normalt besvaras fr\u00e5gor och \u00e4renden inom ett par timmar, alla dagar, men undantag kan finnas beroende p\u00e5 belastning och s\u00e4rskilda f\u00f6rh\u00e5llanden under helger och r\u00f6da dagar.<\/p><h3>17. Tvister och Jurisdiktion<\/h3><p>17.1\nEventuella tvister som uppst\u00e5r fr\u00e5n detta Avtal ska l\u00f6sas genom f\u00f6rhandlingar mellan parterna. Om f\u00f6rhandlingar inte leder till en l\u00f6sning, ska tvisten pr\u00f6vas av allm\u00e4n domstol med \u00d6rebro tingsr\u00e4tt som f\u00f6rsta instans med till\u00e4mpning av svensk r\u00e4tt.<\/p><p>17.2\nOm en best\u00e4mmelse i dessa Allm\u00e4nna villkor skulle visa sig ogiltig eller osk\u00e4lig ska den best\u00e4mmelsen j\u00e4mkas eller tas bort fr\u00e5n Allm\u00e4nna villkor utan att Allm\u00e4nna villkor i \u00f6vrigt p\u00e5verkas.<\/p>\t\t\t\t\t\t\t\t<\/div>\n\t\t\t\t<\/div>\n\t\t\t\t\t<\/div>\n\t\t\t\t<\/div>\n\t\t\t\t<\/div>\n\t\t\t\t<\/div>","protected":false},"excerpt":{"rendered":"<p>Terms and Conditions December 22, 2023, Version 1.01 Terms and Conditions Regarding the Agreement for PictureMyLife Journal Definitions used in PictureMyLife Diary. PictureMyLife provides a digital, multimodal contact and communication diary as a service through a web application. The Diary allows users to post messages, respond, create instructions, and foster communication in various ways, all [&hellip;]<\/p>\n","protected":false},"author":7,"featured_media":0,"parent":0,"menu_order":0,"comment_status":"closed","ping_status":"closed","template":"","meta":{"_seopress_robots_primary_cat":"","_seopress_titles_title":"","_seopress_titles_desc":"","_seopress_robots_index":"","footnotes":""},"class_list":["post-22","page","type-page","status-publish","hentry"],"_links":{"self":[{"href":"https:\/\/picturemylife.com\/sv\/wp-json\/wp\/v2\/pages\/22","targetHints":{"allow":["GET"]}}],"collection":[{"href":"https:\/\/picturemylife.com\/sv\/wp-json\/wp\/v2\/pages"}],"about":[{"href":"https:\/\/picturemylife.com\/sv\/wp-json\/wp\/v2\/types\/page"}],"author":[{"embeddable":true,"href":"https:\/\/picturemylife.com\/sv\/wp-json\/wp\/v2\/users\/7"}],"replies":[{"embeddable":true,"href":"https:\/\/picturemylife.com\/sv\/wp-json\/wp\/v2\/comments?post=22"}],"version-history":[{"count":9,"href":"https:\/\/picturemylife.com\/sv\/wp-json\/wp\/v2\/pages\/22\/revisions"}],"predecessor-version":[{"id":13425,"href":"https:\/\/picturemylife.com\/sv\/wp-json\/wp\/v2\/pages\/22\/revisions\/13425"}],"wp:attachment":[{"href":"https:\/\/picturemylife.com\/sv\/wp-json\/wp\/v2\/media?parent=22"}],"curies":[{"name":"wp","href":"https:\/\/api.w.org\/{rel}","templated":true}]}}