{"id":7667,"date":"2022-05-24T11:50:57","date_gmt":"2022-05-24T11:50:57","guid":{"rendered":"https:\/\/saaslandwp.com\/demo\/test\/?page_id=7667"},"modified":"2026-03-10T10:18:39","modified_gmt":"2026-03-10T10:18:39","slug":"vad-sager-andra-om-oss","status":"publish","type":"page","link":"https:\/\/picturemylife.com\/sv\/what-do-others-say-about-us\/","title":{"rendered":"Vad s\u00e4ger andra om oss?"},"content":{"rendered":"<div data-elementor-type=\"wp-page\" data-elementor-id=\"7667\" class=\"elementor elementor-7667\" data-elementor-post-type=\"page\">\n\t\t\t\t<div class=\"elementor-element elementor-element-2bb7154 e-con-full e-flex e-con e-parent\" data-id=\"2bb7154\" data-element_type=\"container\" data-e-type=\"container\">\n\t\t<div class=\"elementor-element elementor-element-9fd964c e-flex e-con-boxed e-con e-child\" data-id=\"9fd964c\" data-element_type=\"container\" data-e-type=\"container\">\n\t\t\t\t\t<div class=\"e-con-inner\">\n\t\t\t\t<div class=\"elementor-element elementor-element-611ce48 elementor-widget__width-inherit elementor-widget elementor-widget-heading\" data-id=\"611ce48\" data-element_type=\"widget\" data-e-type=\"widget\" data-widget_type=\"heading.default\">\n\t\t\t\t<div class=\"elementor-widget-container\">\n\t\t\t\t\t<h1 class=\"elementor-heading-title elementor-size-default\">Vad s\u00e4ger andra om oss?\n<\/h1>\t\t\t\t<\/div>\n\t\t\t\t<\/div>\n\t\t\t\t<div class=\"elementor-element elementor-element-1536de2 elementor-widget elementor-widget-testimonial\" data-id=\"1536de2\" data-element_type=\"widget\" data-e-type=\"widget\" data-widget_type=\"testimonial.default\">\n\t\t\t\t<div class=\"elementor-widget-container\">\n\t\t\t\t\t\t\t<div class=\"elementor-testimonial-wrapper\">\n\t\t\t\t\t\t\t<div class=\"elementor-testimonial-content\">PictureMyLife presenterades f\u00f6r oss av v\u00e5ra l\u00e4rare. De s\u00e5g plattformen som ett s\u00e4tt att \u00f6ka f\u00f6r\u00e4ldrarnas engagemang. Nu n\u00e4r vi anv\u00e4nder den ser vi m\u00e5nga fler f\u00f6rdelar: vi har aktivt integrerat dagboken i v\u00e5ra lektioner. Vi anv\u00e4nder inl\u00e4ggen f\u00f6r att tillsammans med barnen reflektera \u00f6ver vad de har l\u00e4rt sig, vad de har upplevt och framf\u00f6r allt f\u00f6r att f\u00e5 en b\u00e4ttre bild av vad de har gjort hemma. Eftersom n\u00e5gra av v\u00e5ra elever kan anv\u00e4nda PictureMyLife sj\u00e4lvst\u00e4ndigt tillf\u00f6r det mycket j\u00e4mf\u00f6rt med v\u00e5r tidigare f\u00f6r\u00e4ldraportal. Instruktioner och kommunikation \u00e4r nu konsekventa hemma, i skolan och i privatlivet, vilket hj\u00e4lper oss att f\u00f6rb\u00e4ttra inl\u00e4rningsresultaten.<\/div>\n\t\t\t\n\t\t\t\t\t\t<div class=\"elementor-testimonial-meta elementor-has-image elementor-testimonial-image-position-aside\">\n\t\t\t\t<div class=\"elementor-testimonial-meta-inner\">\n\t\t\t\t\t\t\t\t\t\t\t<div class=\"elementor-testimonial-image\">\n\t\t\t\t\t\t\t<img alt=\"\" decoding=\"async\" width=\"60\" height=\"60\" src=\"https:\/\/picturemylife.com\/wp-content\/uploads\/2025\/02\/1517238070677-e1740567391942.jpg\" class=\"attachment-full size-full wp-image-11913\" \/>\t\t\t\t\t\t<\/div>\n\t\t\t\t\t\n\t\t\t\t\t\t\t\t\t\t<div class=\"elementor-testimonial-details\">\n\t\t\t\t\t\t\t\t\t\t\t\t\t\t<div class=\"elementor-testimonial-name\">Harke Steenbergen<\/div>\n\t\t\t\t\t\t\t\t\t\t\t\t\t\t\t\t\t\t\t\t\t\t<div class=\"elementor-testimonial-job\">Bitr\u00e4dande rektor<\/div>\n\t\t\t\t\t\t\t\t\t\t\t\t\t<\/div>\n\t\t\t\t\t\t\t\t\t<\/div>\n\t\t\t<\/div>\n\t\t\t\t\t<\/div>\n\t\t\t\t\t\t<\/div>\n\t\t\t\t<\/div>\n\t\t\t\t\t<\/div>\n\t\t\t\t<\/div>\n\t\t\t\t<\/div>\n\t\t\t\t<\/div>","protected":false},"excerpt":{"rendered":"<p>What do others say about us? PictureMyLife was introduced to us by our teachers. They saw the platform as a way to increase parental involvement. Now that we\u2019re using it, we\u2019re seeing many more benefits: we\u2019ve actively integrated the journal into our lessons. We use the posts to reflect with the children on what they\u2019ve [&hellip;]<\/p>\n","protected":false},"author":7,"featured_media":0,"parent":0,"menu_order":0,"comment_status":"closed","ping_status":"closed","template":"","meta":{"_seopress_robots_primary_cat":"","_seopress_titles_title":"","_seopress_titles_desc":"","_seopress_robots_index":"","footnotes":""},"class_list":["post-7667","page","type-page","status-publish","hentry"],"_links":{"self":[{"href":"https:\/\/picturemylife.com\/sv\/wp-json\/wp\/v2\/pages\/7667","targetHints":{"allow":["GET"]}}],"collection":[{"href":"https:\/\/picturemylife.com\/sv\/wp-json\/wp\/v2\/pages"}],"about":[{"href":"https:\/\/picturemylife.com\/sv\/wp-json\/wp\/v2\/types\/page"}],"author":[{"embeddable":true,"href":"https:\/\/picturemylife.com\/sv\/wp-json\/wp\/v2\/users\/7"}],"replies":[{"embeddable":true,"href":"https:\/\/picturemylife.com\/sv\/wp-json\/wp\/v2\/comments?post=7667"}],"version-history":[{"count":0,"href":"https:\/\/picturemylife.com\/sv\/wp-json\/wp\/v2\/pages\/7667\/revisions"}],"wp:attachment":[{"href":"https:\/\/picturemylife.com\/sv\/wp-json\/wp\/v2\/media?parent=7667"}],"curies":[{"name":"wp","href":"https:\/\/api.w.org\/{rel}","templated":true}]}}